{"id":1258,"date":"2025-10-27T19:25:02","date_gmt":"2025-10-27T19:25:02","guid":{"rendered":"https:\/\/themenectar.com\/salient\/harbor\/?page_id=1258"},"modified":"2026-04-06T08:47:58","modified_gmt":"2026-04-06T06:47:58","slug":"kontakte","status":"publish","type":"page","link":"https:\/\/zaebel.it\/de\/kontakte\/","title":{"rendered":"Kontakt"},"content":{"rendered":"<section id=\"fws_69ded5d22c268\"  data-column-margin=\"default\" data-midnight=\"dark\"  class=\"nectar_section wpb_row vc_row full-width-content vc_row-o-equal-height vc_row-flex vc_row-o-content-top  min_height_desktop_100svh top_padding_tablet_0px\"  style=\"padding-top: 30px; padding-bottom: 0px; \"><div class=\"row-bg-wrap\" data-bg-animation=\"none\" data-bg-animation-delay=\"\" data-bg-overlay=\"false\"><div class=\"inner-wrap row-bg-layer\" ><div class=\"row-bg viewport-desktop\"  style=\"\"><\/div><\/div><\/div><div class=\"row_col_wrap_12 span_12 dark\">\n\t\t<div id=\"fws_69ded5d22c397\"  data-br=\"10px\" data-br-applies=\"bg\" data-column-margin=\"custom\" data-midnight=\"dark\"  class=\"wpb_row vc_row-fluid vc_row full-width-content vc_row-o-equal-height vc_row-flex  min_height_desktop_100pct right_padding_35px right_padding_tablet_25px left_padding_tablet_25px\"  style=\"padding-top: 35px; padding-bottom: 35px; \"><div class=\"row-bg-wrap\" data-bg-animation=\"none\" data-bg-animation-delay=\"\" data-bg-overlay=\"false\"><div class=\"inner-wrap row-bg-layer\" ><div class=\"row-bg viewport-desktop\"  style=\"\"><\/div><\/div><\/div><div class=\"row_col_wrap_12 col span_12 dark left\">\n\t<div style=\"\" class=\"vc_col-sm-6 wpb_column column_container vc_column_container col top_margin_phone_35px left_padding_desktop_80px left_padding_tablet_0px top_padding_desktop_80px top_padding_tablet_40px right_padding_desktop_80px right_padding_tablet_0px bottom_padding_desktop_80px bottom_padding_tablet_40px flex_layout_desktop_column flex_justify_content_desktop_center flex_align_items_desktop_stretch flex_wrap_desktop_nowrap flex_reverse_desktop_false flex_gap_desktop_10px\" data-using-bg=\"true\" data-border-radius=\"10px\" data-padding-pos=\"all\" data-has-bg-color=\"true\" data-bg-color=\"#ECEAE612\" data-bg-opacity=\"1\" data-animation=\"\" data-delay=\"0\" >\n\t\t<div class=\"vc_column-inner\" ><div class=\"column-bg-overlay-wrap column-bg-layer\" data-bg-animation=\"none\"><div class=\"column-bg-overlay\" style=\"opacity: 1; background-color: #ECEAE612;\"><\/div><\/div>\n\t\t\t<div class=\"wpb_wrapper\">\n\t\t\t\t<div id=\"fws_69ded5d22c649\" data-midnight=\"\" data-column-margin=\"default\" class=\"wpb_row vc_row-fluid vc_row inner_row\"  style=\"\"><div class=\"row-bg-wrap\"> <div class=\"row-bg\" ><\/div> <\/div><div class=\"row_col_wrap_12_inner col span_12  left\">\n\t<div  class=\"vc_col-sm-12 wpb_column column_container vc_column_container col child_column right_padding_phone_10pct\"   data-padding-pos=\"all\" data-has-bg-color=\"false\" data-bg-color=\"\" data-bg-opacity=\"1\" data-animation=\"\" data-delay=\"0\" >\n\t\t<div class=\"vc_column-inner\" >\n\t\t<div class=\"wpb_wrapper\">\n\t\t\t<div class=\"nectar-responsive-text font_size_desktop_3vw font_size_tablet_40px font_size_phone_30px font_line_height_1px nectar-link-underline-effect\"><h1>Sprechen Sie mit uns<\/h1>\n<\/div>\n<div class=\"wpb_text_column wpb_content_element  vc_custom_1764750296632\" >\n\t<p>Wir stehen Ihnen f\u00fcr Informationen, individuelle Angebote und ma\u00dfgeschneiderte Anfragen zur Verf\u00fcgung. Unser Team wird schnell und engagiert reagieren und Sie bei der Auswahl der f\u00fcr Ihr Projekt am besten geeigneten Textill\u00f6sungen begleiten.<\/p>\n<\/div>\n\n\n\n<div class=\"divider-wrap\" data-alignment=\"default\"><div style=\"margin-top: 12.5px; height: 1px; margin-bottom: 12.5px;\" data-width=\"100%\" data-animate=\"\" data-animation-delay=\"\" data-color=\"default\" class=\"divider-border\"><\/div><\/div>\n<div class=\"wpb_text_column wpb_content_element  vc_custom_1764750439818\" >\n\t<p>Weberei ZA&amp;BEL SRL<\/p>\n<p><strong>E-Mail<\/strong>: <a href=\"mailto:info@zaebel.it\">info@zaebel.it<\/a><br \/>\n<strong>Telefon<\/strong>: <a href=\"tel:390331341480\">+39 0331 341480<\/a><br \/>\n<strong>Hauptsitz<\/strong>Via Massari Marzoli, 13\/15 21052 Busto Arsizio (VA)<\/p>\n<\/div>\n\n\n\n\n\t\t<\/div> \n\t<\/div>\n\t<\/div> \n<\/div><\/div>\n<div class=\"wpb_text_column wpb_content_element  vc_custom_1764750407732\" >\n\t<div class='fluentform ff-default fluentform_wrapper_3 ffs_default_wrap'><form data-form_id=\"3\" id=\"fluentform_3\" class=\"frm-fluent-form fluent_form_3 ff-el-form-top ff_form_instance_3_1 ff-form-loading ffs_default\" data-form_instance=\"ff_form_instance_3_1\" method=\"POST\" action=\"\" ><fieldset  style=\"border: none!important;margin: 0!important;padding: 0!important;background-color: transparent!important;box-shadow: none!important;outline: none!important; min-inline-size: 100%;\">\n                    <legend class=\"ff_screen_reader_title\" style=\"display: block; margin: 0!important;padding: 0!important;height: 0!important;text-indent: -999999px;width: 0!important;overflow:hidden;\">Hafen-Kontaktformular<\/legend><input type='hidden' name='__fluent_form_embded_post_id' value='1258' \/><input type=\"hidden\" id=\"_fluentform_3_fluentformnonce\" name=\"_fluentform_3_fluentformnonce\" value=\"9b87ccaf3e\" \/><input type=\"hidden\" name=\"_wp_http_referer\" value=\"\/de\/wp-json\/wp\/v2\/pages\/1258\" \/><div data-type=\"name-element\" data-name=\"names\" class=\"ff-field_container ff-name-field-wrapper\" ><div class='ff-t-container'><div class='ff-t-cell'><div class='ff-el-group'><div class=\"ff-el-input--label ff-el-is-required asterisk-right\"><label for='ff_3_names_first_name_' id='label_ff_3_names_first_name_' >Name<\/label><\/div><div class='ff-el-input--content'><input type=\"text\" name=\"names[first_name]\" id=\"ff_3_names_first_name_\" class=\"ff-el-form-control\" placeholder=\"Name\" aria-invalid=\"false\" aria-required=\"true\"><\/div><\/div><\/div><div class='ff-t-cell'><div class='ff-el-group'><div class=\"ff-el-input--label ff-el-is-required asterisk-right\"><label for='ff_3_names_last_name_' id='label_ff_3_names_last_name_' >Nachname<\/label><\/div><div class='ff-el-input--content'><input type=\"text\" name=\"names[last_name]\" id=\"ff_3_names_last_name_\" class=\"ff-el-form-control\" placeholder=\"Nachname\" aria-invalid=\"false\" aria-required=\"true\"><\/div><\/div><\/div><\/div><\/div><div class='ff-el-group'><div class=\"ff-el-input--label ff-el-is-required asterisk-right\"><label for='ff_3_email' id='label_ff_3_email' aria-label=\"E-Mail\">E-Mail<\/label><\/div><div class='ff-el-input--content'><input type=\"email\" name=\"email\" id=\"ff_3_email\" class=\"ff-el-form-control\" placeholder=\"E-Mail Adresse\" data-name=\"email\"  aria-invalid=\"false\" aria-required=\"true\"><\/div><\/div><div class='ff-el-group'><div class=\"ff-el-input--label ff-el-is-required asterisk-right\"><label for='ff_3_subject' id='label_ff_3_subject' aria-label=\"Telefon\">Telefon<\/label><\/div><div class='ff-el-input--content'><input type=\"text\" name=\"subject\" class=\"ff-el-form-control\" placeholder=\"Telefon Nummer\" data-name=\"subject\" id=\"ff_3_subject\"  aria-invalid=\"false\" aria-required=\"true\"><\/div><\/div><div class='ff-el-group'><div class=\"ff-el-input--label ff-el-is-required asterisk-right\"><label for='ff_3_input_text' id='label_ff_3_input_text' aria-label=\"Name und Art der Aktivit\u00e4t\">Name und Art der Aktivit\u00e4t<\/label><\/div><div class='ff-el-input--content'><input type=\"text\" name=\"input_text\" class=\"ff-el-form-control\" placeholder=\"Z.B. Hotel Royal, Sch\u00f6nheitszentrum, usw.\" data-name=\"input_text\" id=\"ff_3_input_text\"  aria-invalid=\"false\" aria-required=\"true\"><\/div><\/div><div class='ff-el-group'><div class=\"ff-el-input--label ff-el-is-required asterisk-right\"><label for='ff_3_message' id='label_ff_3_message' aria-label=\"Ihre Nachricht\">Ihre Nachricht<\/label><\/div><div class='ff-el-input--content'><textarea aria-required=\"true\" aria-labelledby=\"label_ff_3_message\" name=\"message\" id=\"ff_3_message\" class=\"ff-el-form-control\" placeholder=\"Beschreiben Sie Ihr Anliegen\" rows=\"4\" cols=\"2\" data-name=\"message\" ><\/textarea><\/div><\/div><div class='ff-el-group    ff-el-input--content'><div class='ff-el-form-check ff-el-tc'><label aria-label='Ich bin damit einverstanden, dass ich Neuigkeiten, Sonderangebote und Werbeaktionen erhalte.' class='ff-el-form-check-label ff_tc_label' for=\"newsletter_e9596f5865cdf57e0c008422235158cf\"><span class='ff_tc_checkbox'><input type=\"checkbox\" name=\"newsletter\" class=\"ff-el-form-check-input\" data-name=\"newsletter\" id=\"newsletter_e9596f5865cdf57e0c008422235158cf\"  value='on' aria-invalid='false' aria-required=\"false\"><\/span> <div class='ff_t_c'><p>Ich bin damit einverstanden, dass ich Neuigkeiten, Sonderangebote und Werbeaktionen erhalte.<\/p><\/div><\/label><\/div><\/div><div class='ff-el-group    ff-el-input--content'><div class='ff-el-form-check ff-el-tc'><label aria-label='Bedingungen: Ich bin damit einverstanden, dass diese Website die von mir \u00fcbermittelten Informationen speichert, um meine Anfrage zu beantworten (siehe Datenschutzrichtlinie). Enth\u00e4lt 1 Link. Verwenden Sie die Registerkarten-Navigation zur \u00dcberpr\u00fcfung.' class='ff-el-form-check-label ff_tc_label' for=\"gdpr-agreement_c6cc603ac01713381caebc3ee484f266\"><span class='ff_tc_checkbox'><input type=\"checkbox\" name=\"gdpr-agreement\" class=\"ff-el-form-check-input ff_gdpr_field\" data-name=\"gdpr-agreement\" id=\"gdpr-agreement_c6cc603ac01713381caebc3ee484f266\"  value='on' aria-invalid='false' aria-required=\"true\"><\/span> <div class='ff_t_c'>Ich bin damit einverstanden, dass diese Website die von mir \u00fcbermittelten Daten speichert, um meine Anfrage zu beantworten, siehe <a href=\"\/de\/datenschutzbestimmungen\/\">Datenschutzbestimmungen<\/a>.<\/div><\/label><\/div><\/div><div class='ff-el-group ff-text-left ff_submit_btn_wrapper'><button type=\"submit\" class=\"ff-btn ff-btn-submit ff-btn-md nectar-stretch-button ff_btn_style\"  aria-label=\"Anfrage senden\">Anfrage senden<\/button><\/div><\/fieldset><input type=\"hidden\" name=\"trp-form-language\" value=\"de\"\/><\/form><div id='fluentform_3_errors' class='ff-errors-in-stack ff_form_instance_3_1 ff-form-loading_errors ff_form_instance_3_1_errors'><\/div><\/div>            <script type=\"text\/javascript\">\n                window.fluent_form_ff_form_instance_3_1 = {\"id\":\"3\",\"settings\":{\"layout\":{\"labelPlacement\":\"top\",\"helpMessagePlacement\":\"with_label\",\"errorMessagePlacement\":\"inline\",\"cssClassName\":\"\",\"asteriskPlacement\":\"asterisk-right\"},\"restrictions\":{\"denyEmptySubmission\":{\"enabled\":false}}},\"form_instance\":\"ff_form_instance_3_1\",\"form_id_selector\":\"fluentform_3\",\"rules\":{\"names[first_name]\":{\"required\":{\"value\":true,\"message\":\"Campo richiesto\",\"global\":false,\"global_message\":\"Questo campo \\u00e8 obbligatorio\"}},\"names[middle_name]\":{\"required\":{\"value\":false,\"message\":\"This field is required\",\"global\":false,\"global_message\":\"Questo campo \\u00e8 obbligatorio\"}},\"names[last_name]\":{\"required\":{\"value\":true,\"message\":\"Campo richiesto\",\"global\":false,\"global_message\":\"Questo campo \\u00e8 obbligatorio\"}},\"email\":{\"required\":{\"value\":true,\"message\":\"Campo richiesto.\",\"global\":false,\"global_message\":\"Questo campo \\u00e8 obbligatorio\"},\"email\":{\"value\":true,\"message\":\"Il campo deve contenere una mail valida.\",\"global\":false,\"global_message\":\"Questo campo deve contenere un indirizzo email valido\"}},\"subject\":{\"required\":{\"value\":true,\"message\":\"Campo richiesto.\",\"global\":false,\"global_message\":\"Questo campo \\u00e8 obbligatorio\"}},\"input_text\":{\"required\":{\"value\":true,\"message\":\"Questo campo \\u00e8 obbligatorio\",\"global_message\":\"Questo campo \\u00e8 obbligatorio\",\"global\":true}},\"message\":{\"required\":{\"value\":true,\"message\":\"Campo richiesto\",\"global\":false,\"global_message\":\"Questo campo \\u00e8 obbligatorio\"}},\"newsletter\":{\"required\":{\"value\":false,\"message\":\"Questo campo \\u00e8 obbligatorio\",\"global_message\":\"Questo campo \\u00e8 obbligatorio\",\"global\":true}},\"gdpr-agreement\":{\"required\":{\"value\":true,\"message\":\"Questo campo \\u00e8 obbligatorio\",\"global_message\":\"Questo campo \\u00e8 obbligatorio\",\"global\":true}}},\"debounce_time\":300};\n                            <\/script>\n            \n<\/div>\n\n\n\n\n\t\t\t<\/div> \n\t\t<\/div>\n\t<\/div> \n\n\t<div style=\" color: #FFFFFF;\" class=\"vc_col-sm-6 wpb_column column_container vc_column_container col mask_shape_blur-gradient left_padding_desktop_40px left_padding_phone_20px top_padding_desktop_200px top_padding_phone_250px right_padding_desktop_40px right_padding_phone_20px bottom_padding_desktop_40px bottom_padding_phone_20px flex_layout_desktop_column flex_justify_content_desktop_flex-end flex_align_items_desktop_stretch flex_wrap_desktop_nowrap flex_reverse_desktop_false flex_gap_desktop_20px\" data-cfc=\"true\" data-using-bg=\"true\" data-border-radius=\"15px\" data-bg-cover=\"true\" data-padding-pos=\"all\" data-has-bg-color=\"false\" data-bg-color=\"\" data-bg-opacity=\"1\" data-animation=\"\" data-delay=\"0\" >\n\t\t<div class=\"vc_column-inner\" ><div class=\"column-image-bg-wrap column-bg-layer viewport-desktop\" data-bg-pos=\"left center\" data-bg-animation=\"none\" data-bg-overlay=\"false\"><div class=\"inner-wrap\"><div class=\"column-image-bg\" style=\" background-image: url('https:\/\/zaebel.it\/wp-content\/uploads\/2025\/11\/zaebel-hospitality-general-1.jpg'); \"><\/div><\/div><\/div>\n\t\t\t<div class=\"wpb_wrapper\">\n\t\t\t\t<div id=\"fws_69ded5d22de11\" data-midnight=\"\" data-column-margin=\"default\" class=\"wpb_row vc_row-fluid vc_row inner_row  right_padding_phone_0px\"  style=\"\"><div class=\"row-bg-wrap\"> <div class=\"row-bg\" ><\/div> <\/div><div class=\"row_col_wrap_12_inner col span_12  left\">\n\t<div  class=\"vc_col-sm-12 wpb_column column_container vc_column_container col child_column no-extra-padding inherit_tablet inherit_phone flex_layout_desktop_column flex_justify_content_desktop_flex-start flex_align_items_desktop_flex-start flex_wrap_desktop_nowrap flex_reverse_desktop_false flex_gap_desktop_5px\"   data-padding-pos=\"all\" data-has-bg-color=\"false\" data-bg-color=\"\" data-bg-opacity=\"1\" data-animation=\"\" data-delay=\"0\" >\n\t\t<div class=\"vc_column-inner\" >\n\t\t<div class=\"wpb_wrapper\">\n\t\t\t<div class=\"nectar-responsive-text font_size_desktop_1vw font_size_tablet_24px font_size_phone_18px font_line_height_1-4 nectar-link-underline-effect\"><p>\u201cHandt\u00fccher und Badem\u00e4ntel von h\u00f6chster Qualit\u00e4t aus ausgezeichneten, weichen und langlebigen Materialien. Die Saugf\u00e4higkeit ist ausgezeichnet und der Komfort au\u00dfergew\u00f6hnlich. Eine perfekte Wahl f\u00fcr diejenigen, die Eleganz und Funktionalit\u00e4t suchen! Ich bin sehr zufrieden.\u201d<\/p>\n<\/div>\n\t\t<\/div> \n\t<\/div>\n\t<\/div> \n<\/div><\/div><div id=\"fws_69ded5d22dff1\" data-midnight=\"\" data-column-margin=\"10px\" class=\"wpb_row vc_row-fluid vc_row inner_row  right_padding_phone_0px\"  style=\"\"><div class=\"row-bg-wrap\"> <div class=\"row-bg\" ><\/div> <\/div><div class=\"row_col_wrap_12_inner col span_12  left\">\n\t<div  class=\"vc_col-sm-6 vc_col-xs-6 wpb_column column_container vc_column_container col child_column no-extra-padding inherit_tablet inherit_phone flex_layout_desktop_column flex_justify_content_desktop_flex-start flex_align_items_desktop_flex-start flex_wrap_desktop_nowrap flex_reverse_desktop_false flex_gap_desktop_5px\"    data-t-w-inherits=\"small_desktop\" data-padding-pos=\"all\" data-has-bg-color=\"false\" data-bg-color=\"\" data-bg-opacity=\"1\" data-animation=\"\" data-delay=\"0\" >\n\t\t<div class=\"vc_column-inner\" >\n\t\t<div class=\"wpb_wrapper\">\n\t\t\t<div class=\"nectar-responsive-text font_line_height_1-1 nectar-link-underline-effect\"><p><strong>Armando B.<\/strong><\/p>\n<\/div><div class=\"nectar-responsive-text font_line_height_1-1 nectar-link-underline-effect\"><p>B2C-Kunde<\/p>\n<\/div>\n\t\t<\/div> \n\t<\/div>\n\t<\/div> \n\n\t<div  class=\"vc_col-sm-6 vc_col-xs-6 wpb_column column_container vc_column_container col child_column no-extra-padding inherit_tablet inherit_phone flex_layout_desktop_row flex_justify_content_desktop_flex-end flex_justify_content_phone_flex-end flex_align_items_desktop_flex-end flex_wrap_desktop_nowrap flex_reverse_desktop_false flex_gap_desktop_10px\"    data-t-w-inherits=\"small_desktop\" data-padding-pos=\"all\" data-has-bg-color=\"false\" data-bg-color=\"\" data-bg-opacity=\"1\" data-animation=\"\" data-delay=\"0\" >\n\t\t<div class=\"vc_column-inner\" >\n\t\t<div class=\"wpb_wrapper\">\n\t\t\t<div class=\"nectar-star-rating\">\n\t<div class=\"nectar-star-rating__icon size-5 nectar-color-white\"  style=\"font-size: 18px;\"><\/div><\/div>\n\t\t<\/div> \n\t<\/div>\n\t<\/div> \n<\/div><\/div>\n\t\t\t<\/div> \n\t\t<\/div>\n\t<\/div> \n<\/div><\/div><\/div><\/section>","protected":false},"excerpt":{"rendered":"Sprechen Sie mit uns Wir stehen Ihnen f\u00fcr Informationen, individuelle Angebote und ma\u00dfgeschneiderte Anfragen zur Verf\u00fcgung. Unser Team antwortet schnell und engagiert und begleitet Sie bei der Auswahl von Textill\u00f6sungen...","protected":false},"author":1,"featured_media":0,"parent":0,"menu_order":0,"comment_status":"closed","ping_status":"closed","template":"","meta":{"two_page_speed":[],"footnotes":""},"class_list":["post-1258","page","type-page","status-publish"],"yoast_head":"<!-- This site is optimized with the Yoast SEO plugin v26.4 - https:\/\/yoast.com\/wordpress\/plugins\/seo\/ -->\n<title>Contatti | ZA&amp;BEL<\/title>\n<meta name=\"description\" content=\"Siamo a tua disposizione per informazioni, preventivi personalizzati e richieste su misura. Il nostro team ti risponder\u00e0 in meno di 24 ore.\" \/>\n<meta name=\"robots\" content=\"index, follow, max-snippet:-1, max-image-preview:large, max-video-preview:-1\" \/>\n<link rel=\"canonical\" href=\"https:\/\/zaebel.it\/de\/kontakte\/\" \/>\n<meta property=\"og:locale\" content=\"de_DE\" \/>\n<meta property=\"og:type\" content=\"article\" \/>\n<meta property=\"og:title\" content=\"Contatti | ZA&amp;BEL\" \/>\n<meta property=\"og:description\" content=\"Siamo a tua disposizione per informazioni, preventivi personalizzati e richieste su misura. Il nostro team ti risponder\u00e0 in meno di 24 ore.\" \/>\n<meta property=\"og:url\" content=\"https:\/\/zaebel.it\/de\/kontakte\/\" \/>\n<meta property=\"og:site_name\" content=\"ZA&amp;BEL\" \/>\n<meta property=\"article:publisher\" content=\"https:\/\/www.facebook.com\/TessituraZaebel\" \/>\n<meta property=\"article:modified_time\" content=\"2026-04-06T06:47:58+00:00\" \/>\n<meta property=\"og:image\" content=\"https:\/\/zaebel.it\/wp-content\/uploads\/2025\/11\/zaebel-share.jpg\" \/>\n\t<meta property=\"og:image:width\" content=\"1200\" \/>\n\t<meta property=\"og:image:height\" content=\"630\" \/>\n\t<meta property=\"og:image:type\" content=\"image\/jpeg\" \/>\n<meta name=\"twitter:card\" content=\"summary_large_image\" \/>\n<meta name=\"twitter:label1\" content=\"Gesch\u00e4tzte Lesezeit\" \/>\n\t<meta name=\"twitter:data1\" content=\"1\u00a0Minute\" \/>\n<script type=\"application\/ld+json\" class=\"yoast-schema-graph\">{\"@context\":\"https:\/\/schema.org\",\"@graph\":[{\"@type\":\"WebPage\",\"@id\":\"https:\/\/zaebel.it\/contatti\/\",\"url\":\"https:\/\/zaebel.it\/contatti\/\",\"name\":\"Contatti | ZA&amp;BEL\",\"isPartOf\":{\"@id\":\"https:\/\/zaebel.it\/#website\"},\"datePublished\":\"2025-10-27T19:25:02+00:00\",\"dateModified\":\"2026-04-06T06:47:58+00:00\",\"description\":\"Siamo a tua disposizione per informazioni, preventivi personalizzati e richieste su misura. Il nostro team ti risponder\u00e0 in meno di 24 ore.\",\"breadcrumb\":{\"@id\":\"https:\/\/zaebel.it\/contatti\/#breadcrumb\"},\"inLanguage\":\"de\",\"potentialAction\":[{\"@type\":\"ReadAction\",\"target\":[\"https:\/\/zaebel.it\/contatti\/\"]}]},{\"@type\":\"BreadcrumbList\",\"@id\":\"https:\/\/zaebel.it\/contatti\/#breadcrumb\",\"itemListElement\":[{\"@type\":\"ListItem\",\"position\":1,\"name\":\"Home\",\"item\":\"https:\/\/zaebel.it\/\"},{\"@type\":\"ListItem\",\"position\":2,\"name\":\"Contatti\"}]},{\"@type\":\"WebSite\",\"@id\":\"https:\/\/zaebel.it\/#website\",\"url\":\"https:\/\/zaebel.it\/\",\"name\":\"Tessitura ZA&BEL\",\"description\":\"Forniture Tessili per Hotel, Lavanderie Industriali, SPA\",\"publisher\":{\"@id\":\"https:\/\/zaebel.it\/#organization\"},\"potentialAction\":[{\"@type\":\"SearchAction\",\"target\":{\"@type\":\"EntryPoint\",\"urlTemplate\":\"https:\/\/zaebel.it\/?s={search_term_string}\"},\"query-input\":{\"@type\":\"PropertyValueSpecification\",\"valueRequired\":true,\"valueName\":\"search_term_string\"}}],\"inLanguage\":\"de\"},{\"@type\":\"Organization\",\"@id\":\"https:\/\/zaebel.it\/#organization\",\"name\":\"Tessitura ZA&BEL\",\"url\":\"https:\/\/zaebel.it\/\",\"logo\":{\"@type\":\"ImageObject\",\"inLanguage\":\"de\",\"@id\":\"https:\/\/zaebel.it\/#\/schema\/logo\/image\/\",\"url\":\"\",\"contentUrl\":\"\",\"caption\":\"Tessitura ZA&BEL\"},\"image\":{\"@id\":\"https:\/\/zaebel.it\/#\/schema\/logo\/image\/\"},\"sameAs\":[\"https:\/\/www.facebook.com\/TessituraZaebel\",\"https:\/\/www.linkedin.com\/company\/zaebel\/\",\"https:\/\/www.instagram.com\/zaebel\/\",\"https:\/\/www.youtube.com\/@tessiturazaebel\"]}]}<\/script>\n<!-- \/ Yoast SEO plugin. -->","yoast_head_json":{"title":"Ansprechpartner | ZA&amp;BEL","description":"Wir stehen Ihnen f\u00fcr Informationen, individuelle Angebote und ma\u00dfgeschneiderte Anfragen zur Verf\u00fcgung. Unser Team wird sich in weniger als 24 Stunden bei Ihnen melden.","robots":{"index":"index","follow":"follow","max-snippet":"max-snippet:-1","max-image-preview":"max-image-preview:large","max-video-preview":"max-video-preview:-1"},"canonical":"https:\/\/zaebel.it\/de\/kontakte\/","og_locale":"de_DE","og_type":"article","og_title":"Contatti | ZA&amp;BEL","og_description":"Siamo a tua disposizione per informazioni, preventivi personalizzati e richieste su misura. Il nostro team ti risponder\u00e0 in meno di 24 ore.","og_url":"https:\/\/zaebel.it\/de\/kontakte\/","og_site_name":"ZA&amp;BEL","article_publisher":"https:\/\/www.facebook.com\/TessituraZaebel","article_modified_time":"2026-04-06T06:47:58+00:00","og_image":[{"width":1200,"height":630,"url":"https:\/\/zaebel.it\/wp-content\/uploads\/2025\/11\/zaebel-share.jpg","type":"image\/jpeg"}],"twitter_card":"summary_large_image","twitter_misc":{"Gesch\u00e4tzte Lesezeit":"1\u00a0Minute"},"schema":{"@context":"https:\/\/schema.org","@graph":[{"@type":"WebPage","@id":"https:\/\/zaebel.it\/contatti\/","url":"https:\/\/zaebel.it\/contatti\/","name":"Ansprechpartner | ZA&amp;BEL","isPartOf":{"@id":"https:\/\/zaebel.it\/#website"},"datePublished":"2025-10-27T19:25:02+00:00","dateModified":"2026-04-06T06:47:58+00:00","description":"Wir stehen Ihnen f\u00fcr Informationen, individuelle Angebote und ma\u00dfgeschneiderte Anfragen zur Verf\u00fcgung. Unser Team wird sich in weniger als 24 Stunden bei Ihnen melden.","breadcrumb":{"@id":"https:\/\/zaebel.it\/contatti\/#breadcrumb"},"inLanguage":"de","potentialAction":[{"@type":"ReadAction","target":["https:\/\/zaebel.it\/contatti\/"]}]},{"@type":"BreadcrumbList","@id":"https:\/\/zaebel.it\/contatti\/#breadcrumb","itemListElement":[{"@type":"ListItem","position":1,"name":"Home","item":"https:\/\/zaebel.it\/"},{"@type":"ListItem","position":2,"name":"Contatti"}]},{"@type":"WebSite","@id":"https:\/\/zaebel.it\/#website","url":"https:\/\/zaebel.it\/","name":"ZA&amp;BEL Weberei","description":"Textilbedarf f\u00fcr Hotels, industrielle W\u00e4schereien, B\u00e4der","publisher":{"@id":"https:\/\/zaebel.it\/#organization"},"potentialAction":[{"@type":"SearchAction","target":{"@type":"EntryPoint","urlTemplate":"https:\/\/zaebel.it\/?s={search_term_string}"},"query-input":{"@type":"PropertyValueSpecification","valueRequired":true,"valueName":"search_term_string"}}],"inLanguage":"de"},{"@type":"Organization","@id":"https:\/\/zaebel.it\/#organization","name":"ZA&amp;BEL Weberei","url":"https:\/\/zaebel.it\/","logo":{"@type":"ImageObject","inLanguage":"de","@id":"https:\/\/zaebel.it\/#\/schema\/logo\/image\/","url":"","contentUrl":"","caption":"Tessitura ZA&BEL"},"image":{"@id":"https:\/\/zaebel.it\/#\/schema\/logo\/image\/"},"sameAs":["https:\/\/www.facebook.com\/TessituraZaebel","https:\/\/www.linkedin.com\/company\/zaebel\/","https:\/\/www.instagram.com\/zaebel\/","https:\/\/www.youtube.com\/@tessiturazaebel"]}]}},"_links":{"self":[{"href":"https:\/\/zaebel.it\/de\/wp-json\/wp\/v2\/pages\/1258","targetHints":{"allow":["GET"]}}],"collection":[{"href":"https:\/\/zaebel.it\/de\/wp-json\/wp\/v2\/pages"}],"about":[{"href":"https:\/\/zaebel.it\/de\/wp-json\/wp\/v2\/types\/page"}],"author":[{"embeddable":true,"href":"https:\/\/zaebel.it\/de\/wp-json\/wp\/v2\/users\/1"}],"replies":[{"embeddable":true,"href":"https:\/\/zaebel.it\/de\/wp-json\/wp\/v2\/comments?post=1258"}],"version-history":[{"count":16,"href":"https:\/\/zaebel.it\/de\/wp-json\/wp\/v2\/pages\/1258\/revisions"}],"predecessor-version":[{"id":2761,"href":"https:\/\/zaebel.it\/de\/wp-json\/wp\/v2\/pages\/1258\/revisions\/2761"}],"wp:attachment":[{"href":"https:\/\/zaebel.it\/de\/wp-json\/wp\/v2\/media?parent=1258"}],"curies":[{"name":"wp","href":"https:\/\/api.w.org\/{rel}","templated":true}]}}