{"id":1920,"date":"2025-11-29T17:47:47","date_gmt":"2025-11-29T16:47:47","guid":{"rendered":"https:\/\/zaebel.it\/?page_id=1920"},"modified":"2025-11-29T17:47:48","modified_gmt":"2025-11-29T16:47:48","slug":"cookie-richtlinie","status":"publish","type":"page","link":"https:\/\/zaebel.it\/de\/cookie-richtlinie\/","title":{"rendered":"Cookie-Richtlinie"},"content":{"rendered":"<h1 class=\"wp-block-heading\">Cookie-Politik<\/h1>\n\n\n\n<p>Datum des Inkrafttretens: November 29, 2025<\/p>\n\n\n\n<p>Letzte Aktualisierung: November 29, 2025<\/p>\n\n\n\n<h2 class=\"wp-block-heading\">Was sind Cookies?<\/h2>\n\n\n\n<p>In dieser Cookie-Richtlinie wird erkl\u00e4rt, was Cookies sind, wie wir sie verwenden, welche Arten von Cookies wir verwenden (d. h. welche Informationen wir mithilfe von Cookies sammeln und wie diese Informationen verwendet werden) und wie Sie Ihre Cookie-Einstellungen verwalten k\u00f6nnen.<\/p>\n\n\n\n<p>Cookies sind kleine Textdateien, die dazu dienen, kleine Informationen zu speichern. Sie werden auf dem Ger\u00e4t des Nutzers gespeichert, wenn eine Website in den Browser geladen wird. Diese Cookies tragen dazu bei, dass die Website ordnungsgem\u00e4\u00df funktioniert, die Sicherheit verbessert wird, die Benutzerfreundlichkeit erh\u00f6ht wird und die Leistung analysiert wird, um festzustellen, was funktioniert und wo Verbesserungen erforderlich sind.<\/p>\n\n\n\n<h2 class=\"wp-block-heading\">Wie verwenden wir Cookies?<\/h2>\n\n\n\n<p>Wie die meisten Online-Dienste verwendet auch unsere Website Cookies von Erstanbietern und Drittanbietern f\u00fcr verschiedene Zwecke. Cookies von Erstanbietern sind in erster Linie f\u00fcr das ordnungsgem\u00e4\u00dfe Funktionieren der Website erforderlich und sammeln keine pers\u00f6nlich identifizierbaren Informationen.<\/p>\n\n\n\n<p>Die auf unserer Website verwendeten Cookies von Drittanbietern helfen uns haupts\u00e4chlich dabei, die Leistung der Website zu verstehen, zu verfolgen, wie Sie mit ihr interagieren, die Sicherheit unserer Dienste zu gew\u00e4hrleisten, relevante Werbung bereitzustellen und Ihr Gesamterlebnis zu verbessern, w\u00e4hrend wir die Geschwindigkeit Ihrer zuk\u00fcnftigen Interaktionen mit unserer Website optimieren.<\/p>\n\n\n\n<h2 class=\"wp-block-heading\">Verwendete Arten von Cookies<\/h2>\n\n\n\n<h2 class=\"wp-block-heading\">Verwaltung von Cookie-Einstellungen<\/h2>\n\n\n\n<p><a>Pr\u00e4ferenzen f\u00fcr die Zustimmung<\/a><\/p>\n\n\n\n<p>Sie k\u00f6nnen Ihre Cookie-Einstellungen jederzeit \u00e4ndern, indem Sie oben auf die Schaltfl\u00e4che \u201cZustimmungseinstellungen\u201d klicken. Auf diese Weise k\u00f6nnen Sie das Cookie-Einwilligungsbanner erneut anzeigen und Ihre Einstellungen aktualisieren oder Ihre Einwilligung sofort widerrufen.<\/p>\n\n\n\n<p>Dar\u00fcber hinaus bieten verschiedene Browser unterschiedliche Methoden zum Blockieren und L\u00f6schen von Cookies, die von Websites verwendet werden. Sie k\u00f6nnen Ihre Browsereinstellungen \u00e4ndern, um Cookies zu blockieren oder zu l\u00f6schen. Nachstehend finden Sie Links zu Hilfedokumenten \u00fcber die Verwaltung und L\u00f6schung von Cookies in den wichtigsten Webbrowsern.<\/p>\n\n\n\n<p>Chrom: <a target=\"_blank\" rel=\"noreferrer noopener\" href=\"https:\/\/support.google.com\/accounts\/answer\/32050\">https:\/\/support.google.com\/accounts\/answer\/32050<\/a><\/p>\n\n\n\n<p>Safari: <a target=\"_blank\" rel=\"noreferrer noopener\" href=\"https:\/\/support.apple.com\/en-in\/guide\/safari\/sfri11471\/mac\">https:\/\/support.apple.com\/en-in\/guide\/safari\/sfri11471\/mac<\/a><\/p>\n\n\n\n<p>Firefox: <a target=\"_blank\" rel=\"noreferrer noopener\" href=\"https:\/\/support.mozilla.org\/en-US\/kb\/clear-cookies-and-site-data-firefox?redirectslug=delete-cookies-remove-info-websites-stored&amp;redirectlocale=en-US\">https:\/\/support.mozilla.org\/en-US\/kb\/clear-cookies-and-site-data-firefox?redirectslug=delete-cookies-remove-info-websites-stored&amp;redirectlocale=en-US<\/a><\/p>\n\n\n\n<p>Internet Explorer: <a target=\"_blank\" rel=\"noreferrer noopener\" href=\"https:\/\/support.microsoft.com\/en-us\/topic\/how-to-delete-cookie-files-in-internet-explorer-bca9446f-d873-78de-77ba-d42645fa52fc\">https:\/\/support.microsoft.com\/en-us\/topic\/how-to-delete-cookie-files-in-internet-explorer-bca9446f-d873-78de-77ba-d42645fa52fc<\/a><\/p>\n\n\n\n<p>Wenn Sie einen anderen Webbrowser verwenden, schlagen Sie bitte in der offiziellen Support-Dokumentation nach.<\/p>","protected":false},"excerpt":{"rendered":"<p>Cookie-Richtlinie G\u00fcltig ab: 29. November 2025 Zuletzt aktualisiert: 29. November 2025 Was sind Cookies? Diese Cookie-Richtlinie erkl\u00e4rt, was Cookies sind,...<\/p>","protected":false},"author":1,"featured_media":0,"parent":0,"menu_order":0,"comment_status":"closed","ping_status":"closed","template":"","meta":{"two_page_speed":[],"footnotes":""},"class_list":["post-1920","page","type-page","status-publish"],"yoast_head":"<!-- This site is optimized with the Yoast SEO plugin v26.4 - https:\/\/yoast.com\/wordpress\/plugins\/seo\/ -->\n<title>Cookie Policy | ZA&amp;BEL<\/title>\n<meta name=\"robots\" content=\"noindex, follow\" \/>\n<meta property=\"og:locale\" content=\"de_DE\" \/>\n<meta property=\"og:type\" content=\"article\" \/>\n<meta property=\"og:title\" content=\"Cookie Policy | ZA&amp;BEL\" \/>\n<meta property=\"og:description\" content=\"Informativa sui cookie Data di entrata in vigore: Novembre 29, 2025 Ultimo aggiornamento: Novembre 29, 2025 Cosa sono i cookie? La presente Informativa sui cookie spiega cosa sono i cookie,...\" \/>\n<meta property=\"og:url\" content=\"https:\/\/zaebel.it\/de\/cookie-richtlinie\/\" \/>\n<meta property=\"og:site_name\" content=\"ZA&amp;BEL\" \/>\n<meta property=\"article:publisher\" content=\"https:\/\/www.facebook.com\/TessituraZaebel\" \/>\n<meta property=\"article:modified_time\" content=\"2025-11-29T16:47:48+00:00\" \/>\n<meta property=\"og:image\" content=\"https:\/\/zaebel.it\/wp-content\/uploads\/2025\/11\/zaebel-share.jpg\" \/>\n\t<meta property=\"og:image:width\" content=\"1200\" \/>\n\t<meta property=\"og:image:height\" content=\"630\" \/>\n\t<meta property=\"og:image:type\" content=\"image\/jpeg\" \/>\n<meta name=\"twitter:card\" content=\"summary_large_image\" \/>\n<meta name=\"twitter:label1\" content=\"Gesch\u00e4tzte Lesezeit\" \/>\n\t<meta name=\"twitter:data1\" content=\"2\u00a0Minuten\" \/>\n<script type=\"application\/ld+json\" class=\"yoast-schema-graph\">{\"@context\":\"https:\/\/schema.org\",\"@graph\":[{\"@type\":\"WebPage\",\"@id\":\"https:\/\/zaebel.it\/cookie-policy\/\",\"url\":\"https:\/\/zaebel.it\/cookie-policy\/\",\"name\":\"Cookie Policy | ZA&amp;BEL\",\"isPartOf\":{\"@id\":\"https:\/\/zaebel.it\/#website\"},\"datePublished\":\"2025-11-29T16:47:47+00:00\",\"dateModified\":\"2025-11-29T16:47:48+00:00\",\"breadcrumb\":{\"@id\":\"https:\/\/zaebel.it\/cookie-policy\/#breadcrumb\"},\"inLanguage\":\"de\",\"potentialAction\":[{\"@type\":\"ReadAction\",\"target\":[\"https:\/\/zaebel.it\/cookie-policy\/\"]}]},{\"@type\":\"BreadcrumbList\",\"@id\":\"https:\/\/zaebel.it\/cookie-policy\/#breadcrumb\",\"itemListElement\":[{\"@type\":\"ListItem\",\"position\":1,\"name\":\"Home\",\"item\":\"https:\/\/zaebel.it\/\"},{\"@type\":\"ListItem\",\"position\":2,\"name\":\"Cookie Policy\"}]},{\"@type\":\"WebSite\",\"@id\":\"https:\/\/zaebel.it\/#website\",\"url\":\"https:\/\/zaebel.it\/\",\"name\":\"Tessitura ZA&BEL\",\"description\":\"Forniture Tessili per Hotel, Lavanderie Industriali, SPA\",\"publisher\":{\"@id\":\"https:\/\/zaebel.it\/#organization\"},\"potentialAction\":[{\"@type\":\"SearchAction\",\"target\":{\"@type\":\"EntryPoint\",\"urlTemplate\":\"https:\/\/zaebel.it\/?s={search_term_string}\"},\"query-input\":{\"@type\":\"PropertyValueSpecification\",\"valueRequired\":true,\"valueName\":\"search_term_string\"}}],\"inLanguage\":\"de\"},{\"@type\":\"Organization\",\"@id\":\"https:\/\/zaebel.it\/#organization\",\"name\":\"Tessitura ZA&BEL\",\"url\":\"https:\/\/zaebel.it\/\",\"logo\":{\"@type\":\"ImageObject\",\"inLanguage\":\"de\",\"@id\":\"https:\/\/zaebel.it\/#\/schema\/logo\/image\/\",\"url\":\"\",\"contentUrl\":\"\",\"caption\":\"Tessitura ZA&BEL\"},\"image\":{\"@id\":\"https:\/\/zaebel.it\/#\/schema\/logo\/image\/\"},\"sameAs\":[\"https:\/\/www.facebook.com\/TessituraZaebel\",\"https:\/\/www.linkedin.com\/company\/zaebel\/\",\"https:\/\/www.instagram.com\/zaebel\/\",\"https:\/\/www.youtube.com\/@tessiturazaebel\"]}]}<\/script>\n<!-- \/ Yoast SEO plugin. -->","yoast_head_json":{"title":"Cookie-Richtlinie | ZA&amp;BEL","robots":{"index":"noindex","follow":"follow"},"og_locale":"de_DE","og_type":"article","og_title":"Cookie Policy | ZA&amp;BEL","og_description":"Informativa sui cookie Data di entrata in vigore: Novembre 29, 2025 Ultimo aggiornamento: Novembre 29, 2025 Cosa sono i cookie? La presente Informativa sui cookie spiega cosa sono i cookie,...","og_url":"https:\/\/zaebel.it\/de\/cookie-richtlinie\/","og_site_name":"ZA&amp;BEL","article_publisher":"https:\/\/www.facebook.com\/TessituraZaebel","article_modified_time":"2025-11-29T16:47:48+00:00","og_image":[{"width":1200,"height":630,"url":"https:\/\/zaebel.it\/wp-content\/uploads\/2025\/11\/zaebel-share.jpg","type":"image\/jpeg"}],"twitter_card":"summary_large_image","twitter_misc":{"Gesch\u00e4tzte Lesezeit":"2\u00a0Minuten"},"schema":{"@context":"https:\/\/schema.org","@graph":[{"@type":"WebPage","@id":"https:\/\/zaebel.it\/cookie-policy\/","url":"https:\/\/zaebel.it\/cookie-policy\/","name":"Cookie-Richtlinie | ZA&amp;BEL","isPartOf":{"@id":"https:\/\/zaebel.it\/#website"},"datePublished":"2025-11-29T16:47:47+00:00","dateModified":"2025-11-29T16:47:48+00:00","breadcrumb":{"@id":"https:\/\/zaebel.it\/cookie-policy\/#breadcrumb"},"inLanguage":"de","potentialAction":[{"@type":"ReadAction","target":["https:\/\/zaebel.it\/cookie-policy\/"]}]},{"@type":"BreadcrumbList","@id":"https:\/\/zaebel.it\/cookie-policy\/#breadcrumb","itemListElement":[{"@type":"ListItem","position":1,"name":"Home","item":"https:\/\/zaebel.it\/"},{"@type":"ListItem","position":2,"name":"Cookie Policy"}]},{"@type":"WebSite","@id":"https:\/\/zaebel.it\/#website","url":"https:\/\/zaebel.it\/","name":"ZA&amp;BEL Weberei","description":"Textilbedarf f\u00fcr Hotels, industrielle W\u00e4schereien, B\u00e4der","publisher":{"@id":"https:\/\/zaebel.it\/#organization"},"potentialAction":[{"@type":"SearchAction","target":{"@type":"EntryPoint","urlTemplate":"https:\/\/zaebel.it\/?s={search_term_string}"},"query-input":{"@type":"PropertyValueSpecification","valueRequired":true,"valueName":"search_term_string"}}],"inLanguage":"de"},{"@type":"Organization","@id":"https:\/\/zaebel.it\/#organization","name":"ZA&amp;BEL Weberei","url":"https:\/\/zaebel.it\/","logo":{"@type":"ImageObject","inLanguage":"de","@id":"https:\/\/zaebel.it\/#\/schema\/logo\/image\/","url":"","contentUrl":"","caption":"Tessitura ZA&BEL"},"image":{"@id":"https:\/\/zaebel.it\/#\/schema\/logo\/image\/"},"sameAs":["https:\/\/www.facebook.com\/TessituraZaebel","https:\/\/www.linkedin.com\/company\/zaebel\/","https:\/\/www.instagram.com\/zaebel\/","https:\/\/www.youtube.com\/@tessiturazaebel"]}]}},"_links":{"self":[{"href":"https:\/\/zaebel.it\/de\/wp-json\/wp\/v2\/pages\/1920","targetHints":{"allow":["GET"]}}],"collection":[{"href":"https:\/\/zaebel.it\/de\/wp-json\/wp\/v2\/pages"}],"about":[{"href":"https:\/\/zaebel.it\/de\/wp-json\/wp\/v2\/types\/page"}],"author":[{"embeddable":true,"href":"https:\/\/zaebel.it\/de\/wp-json\/wp\/v2\/users\/1"}],"replies":[{"embeddable":true,"href":"https:\/\/zaebel.it\/de\/wp-json\/wp\/v2\/comments?post=1920"}],"version-history":[{"count":2,"href":"https:\/\/zaebel.it\/de\/wp-json\/wp\/v2\/pages\/1920\/revisions"}],"predecessor-version":[{"id":1922,"href":"https:\/\/zaebel.it\/de\/wp-json\/wp\/v2\/pages\/1920\/revisions\/1922"}],"wp:attachment":[{"href":"https:\/\/zaebel.it\/de\/wp-json\/wp\/v2\/media?parent=1920"}],"curies":[{"name":"wp","href":"https:\/\/api.w.org\/{rel}","templated":true}]}}