{"id":2031,"date":"2025-12-01T11:28:31","date_gmt":"2025-12-01T10:28:31","guid":{"rendered":"https:\/\/zaebel.it\/?page_id=2031"},"modified":"2025-12-01T11:28:32","modified_gmt":"2025-12-01T10:28:32","slug":"gleichstellung-der-geschlechter","status":"publish","type":"page","link":"https:\/\/zaebel.it\/de\/gleichstellung-der-geschlechter\/","title":{"rendered":"Gleichberechtigung der Geschlechter"},"content":{"rendered":"<p>Unser Unternehmen setzt sich aktiv f\u00fcr die F\u00f6rderung der Gleichstellung der Geschlechter am Arbeitsplatz ein und ist sich der Bedeutung eines integrativen und fairen Umfelds bewusst. Wir sind sehr stolz darauf, dass wir f\u00fcr unsere Ma\u00dfnahmen zur F\u00f6rderung der Gleichstellung am Arbeitsplatz zertifiziert worden sind. Diese prestigetr\u00e4chtige Anerkennung zeugt nicht nur von unserem Engagement, sondern stellt auch einen wichtigen Meilenstein auf unserem Weg zu einem Arbeitsplatz dar, an dem jeder Mitarbeiter, unabh\u00e4ngig von seinem Geschlecht, die gleichen Chancen auf Wachstum, Entwicklung und Erfolg hat.<\/p>\n\n\n\n<p>Die erhaltene Zertifizierung spiegelt unser kontinuierliches Engagement f\u00fcr die Umsetzung von Richtlinien und Praktiken wider, die eine faire und respektvolle Behandlung aller Mitarbeiter gew\u00e4hrleisten.<\/p>\n\n\n\n<p>Wir sind fest davon \u00fcberzeugt, dass ein integratives Arbeitsumfeld nicht nur das Wohlbefinden unserer Mitarbeiter f\u00f6rdert, sondern auch zum Gesamterfolg des Unternehmens beitr\u00e4gt. Aus diesem Grund werden wir weiterhin Ressourcen und Aufmerksamkeit auf die F\u00f6rderung der Gleichstellung von Frauen und M\u00e4nnern verwenden und sicherstellen, dass sie ein Grundpfeiler unserer Unternehmenskultur und ein Schl\u00fcsselelement unserer langfristigen Wachstumsstrategie bleibt.<\/p>\n\n\n\n<p>Wir freuen uns, bekannt geben zu k\u00f6nnen, dass wir die Zertifizierung f\u00fcr unsere Ma\u00dfnahmen zur Gleichstellung der Geschlechter erhalten haben, eine Anerkennung, die unser kontinuierliches Engagement in dieser Richtung best\u00e4tigt.<\/p>\n\n\n\n<p>Die stolze Pr\u00e4sentation unseres Zertifikats ist nicht nur ein Beweis f\u00fcr die von uns geleistete Arbeit, sondern auch ein Symbol f\u00fcr unser Engagement, ein Arbeitsumfeld zu schaffen, in dem jeder Einzelne die gleichen Chancen auf Wachstum, Entwicklung und Erfolg hat.<\/p>\n\n\n\n<p>Dieses Zertifikat ist nicht nur ein Erfolg, sondern auch ein Ausgangspunkt f\u00fcr weitere Verbesserungen. Wir werden weiterhin Ressourcen und Engagement aufwenden, um sicherzustellen, dass die Gleichstellung der Geschlechter ein Grundpfeiler unserer Unternehmenskultur bleibt und so zum Wohlergehen unserer Mitarbeiter und zum nachhaltigen Erfolg des Unternehmens beitr\u00e4gt.<\/p>\n\n\n\n<p>Die bescheinigende Stelle ist Quaser.&nbsp; &nbsp; &nbsp; &nbsp;<img loading=\"lazy\" decoding=\"async\" src=\"https:\/\/purple-dugong-655537.hostingersite.com\/wp-content\/uploads\/2024\/05\/Quaser-certificazioni-1.webp\" alt=\"\" width=\"163\" height=\"85\"><\/p>\n\n\n\n<p>Nachfolgend k\u00f6nnen Sie das Zertifikat einsehen, indem Sie auf <a href=\"http:\/\/zaebel.it\/wp-content\/uploads\/2025\/12\/image.png\" target=\"_blank\" rel=\"noreferrer noopener nofollow\">hier<\/a><\/p>","protected":false},"excerpt":{"rendered":"<p>Unser Unternehmen setzt sich aktiv f\u00fcr die F\u00f6rderung der Gleichstellung der Geschlechter am Arbeitsplatz ein und ist sich der Bedeutung eines integrativen und fairen Umfelds bewusst. Wir sind sehr stolz darauf, bekannt zu geben...<\/p>","protected":false},"author":1,"featured_media":0,"parent":0,"menu_order":0,"comment_status":"closed","ping_status":"closed","template":"","meta":{"two_page_speed":[],"footnotes":""},"class_list":["post-2031","page","type-page","status-publish"],"yoast_head":"<!-- This site is optimized with the Yoast SEO plugin v26.4 - https:\/\/yoast.com\/wordpress\/plugins\/seo\/ -->\n<title>Parit\u00e0 di Genere | ZA&amp;BEL<\/title>\n<meta name=\"robots\" content=\"noindex, follow\" \/>\n<meta property=\"og:locale\" content=\"de_DE\" \/>\n<meta property=\"og:type\" content=\"article\" \/>\n<meta property=\"og:title\" content=\"Parit\u00e0 di Genere | ZA&amp;BEL\" \/>\n<meta property=\"og:description\" content=\"La nostra azienda si impegna attivamente nella promozione della parit\u00e0 di genere sul luogo di lavoro, riconoscendo l\u2019importanza di un ambiente inclusivo ed equo. Siamo estremamente orgogliosi di annunciare di...\" \/>\n<meta property=\"og:url\" content=\"https:\/\/zaebel.it\/de\/gleichstellung-der-geschlechter\/\" \/>\n<meta property=\"og:site_name\" content=\"ZA&amp;BEL\" \/>\n<meta property=\"article:publisher\" content=\"https:\/\/www.facebook.com\/TessituraZaebel\" \/>\n<meta property=\"article:modified_time\" content=\"2025-12-01T10:28:32+00:00\" \/>\n<meta property=\"og:image\" content=\"https:\/\/purple-dugong-655537.hostingersite.com\/wp-content\/uploads\/2024\/05\/Quaser-certificazioni-1.webp\" \/>\n<meta name=\"twitter:card\" content=\"summary_large_image\" \/>\n<meta name=\"twitter:label1\" content=\"Gesch\u00e4tzte Lesezeit\" \/>\n\t<meta name=\"twitter:data1\" content=\"2\u00a0Minuten\" \/>\n<script type=\"application\/ld+json\" class=\"yoast-schema-graph\">{\"@context\":\"https:\/\/schema.org\",\"@graph\":[{\"@type\":\"WebPage\",\"@id\":\"https:\/\/zaebel.it\/parita-di-genere\/\",\"url\":\"https:\/\/zaebel.it\/parita-di-genere\/\",\"name\":\"Parit\u00e0 di Genere | ZA&amp;BEL\",\"isPartOf\":{\"@id\":\"https:\/\/zaebel.it\/#website\"},\"primaryImageOfPage\":{\"@id\":\"https:\/\/zaebel.it\/parita-di-genere\/#primaryimage\"},\"image\":{\"@id\":\"https:\/\/zaebel.it\/parita-di-genere\/#primaryimage\"},\"thumbnailUrl\":\"https:\/\/purple-dugong-655537.hostingersite.com\/wp-content\/uploads\/2024\/05\/Quaser-certificazioni-1.webp\",\"datePublished\":\"2025-12-01T10:28:31+00:00\",\"dateModified\":\"2025-12-01T10:28:32+00:00\",\"breadcrumb\":{\"@id\":\"https:\/\/zaebel.it\/parita-di-genere\/#breadcrumb\"},\"inLanguage\":\"de\",\"potentialAction\":[{\"@type\":\"ReadAction\",\"target\":[\"https:\/\/zaebel.it\/parita-di-genere\/\"]}]},{\"@type\":\"ImageObject\",\"inLanguage\":\"de\",\"@id\":\"https:\/\/zaebel.it\/parita-di-genere\/#primaryimage\",\"url\":\"https:\/\/purple-dugong-655537.hostingersite.com\/wp-content\/uploads\/2024\/05\/Quaser-certificazioni-1.webp\",\"contentUrl\":\"https:\/\/purple-dugong-655537.hostingersite.com\/wp-content\/uploads\/2024\/05\/Quaser-certificazioni-1.webp\"},{\"@type\":\"BreadcrumbList\",\"@id\":\"https:\/\/zaebel.it\/parita-di-genere\/#breadcrumb\",\"itemListElement\":[{\"@type\":\"ListItem\",\"position\":1,\"name\":\"Home\",\"item\":\"https:\/\/zaebel.it\/\"},{\"@type\":\"ListItem\",\"position\":2,\"name\":\"Parit\u00e0 di Genere\"}]},{\"@type\":\"WebSite\",\"@id\":\"https:\/\/zaebel.it\/#website\",\"url\":\"https:\/\/zaebel.it\/\",\"name\":\"Tessitura ZA&BEL\",\"description\":\"Forniture Tessili per Hotel, Lavanderie Industriali, SPA\",\"publisher\":{\"@id\":\"https:\/\/zaebel.it\/#organization\"},\"potentialAction\":[{\"@type\":\"SearchAction\",\"target\":{\"@type\":\"EntryPoint\",\"urlTemplate\":\"https:\/\/zaebel.it\/?s={search_term_string}\"},\"query-input\":{\"@type\":\"PropertyValueSpecification\",\"valueRequired\":true,\"valueName\":\"search_term_string\"}}],\"inLanguage\":\"de\"},{\"@type\":\"Organization\",\"@id\":\"https:\/\/zaebel.it\/#organization\",\"name\":\"Tessitura ZA&BEL\",\"url\":\"https:\/\/zaebel.it\/\",\"logo\":{\"@type\":\"ImageObject\",\"inLanguage\":\"de\",\"@id\":\"https:\/\/zaebel.it\/#\/schema\/logo\/image\/\",\"url\":\"\",\"contentUrl\":\"\",\"caption\":\"Tessitura ZA&BEL\"},\"image\":{\"@id\":\"https:\/\/zaebel.it\/#\/schema\/logo\/image\/\"},\"sameAs\":[\"https:\/\/www.facebook.com\/TessituraZaebel\",\"https:\/\/www.linkedin.com\/company\/zaebel\/\",\"https:\/\/www.instagram.com\/zaebel\/\",\"https:\/\/www.youtube.com\/@tessiturazaebel\"]}]}<\/script>\n<!-- \/ Yoast SEO plugin. -->","yoast_head_json":{"title":"Geschlechtergleichstellung | ZA&amp;BEL","robots":{"index":"noindex","follow":"follow"},"og_locale":"de_DE","og_type":"article","og_title":"Parit\u00e0 di Genere | ZA&amp;BEL","og_description":"La nostra azienda si impegna attivamente nella promozione della parit\u00e0 di genere sul luogo di lavoro, riconoscendo l\u2019importanza di un ambiente inclusivo ed equo. Siamo estremamente orgogliosi di annunciare di...","og_url":"https:\/\/zaebel.it\/de\/gleichstellung-der-geschlechter\/","og_site_name":"ZA&amp;BEL","article_publisher":"https:\/\/www.facebook.com\/TessituraZaebel","article_modified_time":"2025-12-01T10:28:32+00:00","og_image":[{"url":"https:\/\/purple-dugong-655537.hostingersite.com\/wp-content\/uploads\/2024\/05\/Quaser-certificazioni-1.webp","type":"","width":"","height":""}],"twitter_card":"summary_large_image","twitter_misc":{"Gesch\u00e4tzte Lesezeit":"2\u00a0Minuten"},"schema":{"@context":"https:\/\/schema.org","@graph":[{"@type":"WebPage","@id":"https:\/\/zaebel.it\/parita-di-genere\/","url":"https:\/\/zaebel.it\/parita-di-genere\/","name":"Geschlechtergleichstellung | ZA&amp;BEL","isPartOf":{"@id":"https:\/\/zaebel.it\/#website"},"primaryImageOfPage":{"@id":"https:\/\/zaebel.it\/parita-di-genere\/#primaryimage"},"image":{"@id":"https:\/\/zaebel.it\/parita-di-genere\/#primaryimage"},"thumbnailUrl":"https:\/\/purple-dugong-655537.hostingersite.com\/wp-content\/uploads\/2024\/05\/Quaser-certificazioni-1.webp","datePublished":"2025-12-01T10:28:31+00:00","dateModified":"2025-12-01T10:28:32+00:00","breadcrumb":{"@id":"https:\/\/zaebel.it\/parita-di-genere\/#breadcrumb"},"inLanguage":"de","potentialAction":[{"@type":"ReadAction","target":["https:\/\/zaebel.it\/parita-di-genere\/"]}]},{"@type":"ImageObject","inLanguage":"de","@id":"https:\/\/zaebel.it\/parita-di-genere\/#primaryimage","url":"https:\/\/purple-dugong-655537.hostingersite.com\/wp-content\/uploads\/2024\/05\/Quaser-certificazioni-1.webp","contentUrl":"https:\/\/purple-dugong-655537.hostingersite.com\/wp-content\/uploads\/2024\/05\/Quaser-certificazioni-1.webp"},{"@type":"BreadcrumbList","@id":"https:\/\/zaebel.it\/parita-di-genere\/#breadcrumb","itemListElement":[{"@type":"ListItem","position":1,"name":"Home","item":"https:\/\/zaebel.it\/"},{"@type":"ListItem","position":2,"name":"Parit\u00e0 di Genere"}]},{"@type":"WebSite","@id":"https:\/\/zaebel.it\/#website","url":"https:\/\/zaebel.it\/","name":"ZA&amp;BEL Weberei","description":"Textilbedarf f\u00fcr Hotels, industrielle W\u00e4schereien, B\u00e4der","publisher":{"@id":"https:\/\/zaebel.it\/#organization"},"potentialAction":[{"@type":"SearchAction","target":{"@type":"EntryPoint","urlTemplate":"https:\/\/zaebel.it\/?s={search_term_string}"},"query-input":{"@type":"PropertyValueSpecification","valueRequired":true,"valueName":"search_term_string"}}],"inLanguage":"de"},{"@type":"Organization","@id":"https:\/\/zaebel.it\/#organization","name":"ZA&amp;BEL Weberei","url":"https:\/\/zaebel.it\/","logo":{"@type":"ImageObject","inLanguage":"de","@id":"https:\/\/zaebel.it\/#\/schema\/logo\/image\/","url":"","contentUrl":"","caption":"Tessitura ZA&BEL"},"image":{"@id":"https:\/\/zaebel.it\/#\/schema\/logo\/image\/"},"sameAs":["https:\/\/www.facebook.com\/TessituraZaebel","https:\/\/www.linkedin.com\/company\/zaebel\/","https:\/\/www.instagram.com\/zaebel\/","https:\/\/www.youtube.com\/@tessiturazaebel"]}]}},"_links":{"self":[{"href":"https:\/\/zaebel.it\/de\/wp-json\/wp\/v2\/pages\/2031","targetHints":{"allow":["GET"]}}],"collection":[{"href":"https:\/\/zaebel.it\/de\/wp-json\/wp\/v2\/pages"}],"about":[{"href":"https:\/\/zaebel.it\/de\/wp-json\/wp\/v2\/types\/page"}],"author":[{"embeddable":true,"href":"https:\/\/zaebel.it\/de\/wp-json\/wp\/v2\/users\/1"}],"replies":[{"embeddable":true,"href":"https:\/\/zaebel.it\/de\/wp-json\/wp\/v2\/comments?post=2031"}],"version-history":[{"count":3,"href":"https:\/\/zaebel.it\/de\/wp-json\/wp\/v2\/pages\/2031\/revisions"}],"predecessor-version":[{"id":2035,"href":"https:\/\/zaebel.it\/de\/wp-json\/wp\/v2\/pages\/2031\/revisions\/2035"}],"wp:attachment":[{"href":"https:\/\/zaebel.it\/de\/wp-json\/wp\/v2\/media?parent=2031"}],"curies":[{"name":"wp","href":"https:\/\/api.w.org\/{rel}","templated":true}]}}