{"id":3,"date":"2025-11-27T08:09:14","date_gmt":"2025-11-27T07:09:14","guid":{"rendered":"https:\/\/zaebel.it\/?page_id=3"},"modified":"2025-11-29T17:49:21","modified_gmt":"2025-11-29T16:49:21","slug":"datenschutzbestimmungen","status":"publish","type":"page","link":"https:\/\/zaebel.it\/de\/datenschutzbestimmungen\/","title":{"rendered":"Datenschutzbestimmungen"},"content":{"rendered":"<p>Zuletzt aktualisiert am 29. November 2025<br>Datum des Inkrafttretens 22. Februar 2024<\/p>\n\n\n\n<p><br>Diese Datenschutzrichtlinie beschreibt die Richtlinien von ZA&amp;BEL S.R.L. PIVA: 02432710123, Via Massari Marzoli, 13\/15, Varese 21052, Italien, E-Mail: info@zaebel.it, Telefon: 0331 341 480 \u00fcber die Erfassung, Verwendung und Weitergabe Ihrer Daten, die wir bei der Nutzung unserer Website (info .purple-dugong-655537.hostingersite.com) erfassen. (der \u201dDienst\"). Indem Sie auf den Service zugreifen oder ihn nutzen, erkl\u00e4ren Sie sich mit der Erfassung, Verwendung und Weitergabe Ihrer Daten gem\u00e4\u00df dieser Datenschutzrichtlinie einverstanden. Wenn Sie damit nicht einverstanden sind, verzichten Sie bitte auf den Zugriff auf den Service und nutzen Sie ihn nicht.<\/p>\n\n\n\n<p>Wir k\u00f6nnen diese Datenschutzrichtlinie jederzeit ohne Vorank\u00fcndigung \u00e4ndern und werden die \u00fcberarbeitete Datenschutzrichtlinie auf dem Dienst ver\u00f6ffentlichen. Die ge\u00e4nderte Richtlinie tritt 180 Tage nach Ver\u00f6ffentlichung der ge\u00e4nderten Richtlinie im Dienst in Kraft, und wenn Sie nach diesem Zeitraum weiterhin auf den Dienst zugreifen oder ihn nutzen, erkl\u00e4ren Sie sich mit der ge\u00e4nderten Datenschutzrichtlinie einverstanden. Wir empfehlen Ihnen daher, diese Seite regelm\u00e4\u00dfig zu \u00fcberpr\u00fcfen.<\/p>\n\n\n\n<p>INFORMATIONEN, DIE WIR SAMMELN:<br>Wir werden die folgenden pers\u00f6nlichen Informationen \u00fcber Sie sammeln und verarbeiten:<\/p>\n\n\n\n<ul class=\"wp-block-list\">\n<li>Vorname und Nachname<\/li>\n\n\n\n<li>E-Mail<\/li>\n\n\n\n<li>Rufnummer<\/li>\n<\/ul>\n\n\n\n<p><br>WIE WIR IHRE INFORMATIONEN VERWENDEN:<br>Wir werden die \u00fcber Sie gesammelten Informationen f\u00fcr die folgenden Zwecke verwenden:<\/p>\n\n\n\n<ul class=\"wp-block-list\">\n<li>Marketing\/Werbung<\/li>\n\n\n\n<li>Testimonials<\/li>\n\n\n\n<li>Sammeln von Kundenfeedback<\/li>\n\n\n\n<li>Unterst\u00fctzung<\/li>\n\n\n\n<li>Informationen zur Verwaltung<\/li>\n\n\n\n<li>Verwalten von Kundenauftr\u00e4gen<\/li>\n<\/ul>\n\n\n\n<p>Wenn wir Ihre Daten f\u00fcr andere Zwecke verwenden wollen, werden wir Sie um Ihre Zustimmung bitten und Ihre Daten nur nach Erhalt Ihrer Zustimmung und dann nur f\u00fcr die Zwecke verwenden, f\u00fcr die wir die Zustimmung erteilt haben, es sei denn, wir sind gesetzlich zu etwas anderem verpflichtet.<\/p>\n\n\n\n<p>WIE WIR IHRE INFORMATIONEN WEITERGEBEN:<br>Wir werden Ihre pers\u00f6nlichen Daten nicht an Dritte weitergeben, ohne Sie um Ihre Zustimmung zu bitten, au\u00dfer unter den unten beschriebenen, begrenzten Umst\u00e4nden:<\/p>\n\n\n\n<ul class=\"wp-block-list\">\n<li>Werbedienstleistung<\/li>\n\n\n\n<li>Analytik<\/li>\n\n\n\n<li>Datenerhebung und -verarbeitung<\/li>\n<\/ul>\n\n\n\n<p>Wir verlangen von diesen Dritten, dass sie die personenbezogenen Daten, die wir ihnen \u00fcbermitteln, nur f\u00fcr den Zweck verwenden, f\u00fcr den sie \u00fcbermittelt wurden, und sie nicht l\u00e4nger aufbewahren, als zur Erf\u00fcllung dieses Zwecks erforderlich ist.<\/p>\n\n\n\n<p>Wir k\u00f6nnen Ihre pers\u00f6nlichen Daten auch aus den folgenden Gr\u00fcnden offenlegen: (1) um geltendem Recht, Vorschriften, Gerichtsbeschl\u00fcssen oder anderen rechtlichen Verfahren nachzukommen; (2) um Ihre Vereinbarungen mit uns, einschlie\u00dflich dieser Datenschutzrichtlinie, durchzusetzen; oder (3) um auf Klagen zu reagieren, dass Ihre Nutzung des Dienstes die Rechte Dritter verletzt. Wenn der Dienst oder unser Unternehmen mit einem anderen Unternehmen fusioniert oder von diesem \u00fcbernommen wird, geh\u00f6ren Ihre Daten zu den Verm\u00f6genswerten, die an den neuen Eigent\u00fcmer \u00fcbertragen werden.<\/p>\n\n\n\n<p>SPEICHERUNG IHRER INFORMATIONEN:<br>Wir bewahren Ihre personenbezogenen Daten bei uns zwischen 90 Tagen und 2 Jahren auf, nachdem die Nutzer ihre Konten geschlossen haben, oder so lange, wie wir sie ben\u00f6tigen, um die Zwecke zu erf\u00fcllen, f\u00fcr die sie gesammelt wurden, wie in dieser Datenschutzrichtlinie beschrieben. Es kann sein, dass wir bestimmte Daten l\u00e4nger aufbewahren m\u00fcssen, z. B. zur Aufbewahrung von Aufzeichnungen\/Berichten in \u00dcbereinstimmung mit geltendem Recht oder aus anderen legitimen Gr\u00fcnden, wie z. B. zur Durchsetzung gesetzlicher Rechte, zur Betrugsbek\u00e4mpfung usw. Anonyme Restdaten und zusammengefasste Daten, die Sie nicht (direkt oder indirekt) identifizieren, k\u00f6nnen auf unbestimmte Zeit gespeichert werden.<\/p>\n\n\n\n<p>IHRE RECHTE:<br>Je nach geltendem Recht haben Sie das Recht, auf Ihre personenbezogenen Daten zuzugreifen, sie zu berichtigen oder zu l\u00f6schen oder eine Kopie Ihrer personenbezogenen Daten zu erhalten, die aktive Verarbeitung Ihrer Daten einzuschr\u00e4nken oder ihr zu widersprechen, uns aufzufordern, Ihre personenbezogenen Daten an eine andere Stelle weiterzugeben (zu \u00fcbermitteln), die von Ihnen erteilte Zustimmung zur Verarbeitung Ihrer Daten zu widerrufen, das Recht, eine Beschwerde bei einer gesetzlichen Beh\u00f6rde einzureichen, sowie weitere Rechte, die nach geltendem Recht relevant sein k\u00f6nnen. Um diese Rechte auszu\u00fcben, k\u00f6nnen Sie sich schriftlich an uns wenden: info@purple-dugong-655537.hostingersite.com. Wir werden Ihre Anfrage in \u00dcbereinstimmung mit dem geltenden Recht beantworten.<\/p>\n\n\n\n<p>Sie k\u00f6nnen sich von der Direktmarketingkommunikation oder dem Profiling zu Marketingzwecken abmelden, indem Sie an info@zaebel.it schreiben.<\/p>\n\n\n\n<p>Bitte beachten Sie, dass Sie m\u00f6glicherweise nicht in der Lage sind, auf die Dienste zuzugreifen oder diese zu nutzen, f\u00fcr die Ihre Daten angefordert wurden, wenn Sie uns nicht die Erlaubnis erteilen, die angeforderten personenbezogenen Daten zu sammeln oder zu verarbeiten, oder wenn Sie Ihre Zustimmung zur Verarbeitung f\u00fcr die angeforderten Zwecke zur\u00fcckziehen.<\/p>\n\n\n\n<p>COOKIES ETC.<br>Wenn Sie mehr dar\u00fcber erfahren m\u00f6chten, wie wir diese Technologien nutzen und welche M\u00f6glichkeiten Sie in Bezug auf diese Tracking-Technologien haben, lesen Sie bitte unsere\u00a0<a href=\"\/de\/cookie-richtlinie\/\">Cookie-Richtlinie.<\/a><\/p>\n\n\n\n<p>SICHERHEIT:<br>Die Sicherheit Ihrer Daten ist uns wichtig, und wir werden angemessene Sicherheitsma\u00dfnahmen ergreifen, um den Verlust, den Missbrauch oder die unbefugte \u00c4nderung der von uns kontrollierten Daten zu verhindern. Angesichts der inh\u00e4renten Risiken k\u00f6nnen wir jedoch keine absolute Sicherheit garantieren. Daher k\u00f6nnen wir die Sicherheit von Informationen, die Sie uns \u00fcbermitteln, weder gew\u00e4hrleisten noch garantieren, und Sie tun dies auf eigenes Risiko.<\/p>\n\n\n\n<p>LINKS ZU DRITTEN UND VERWENDUNG IHRER DATEN:<br>Unser Service kann Links zu anderen Websites enthalten, die nicht von uns betrieben werden. Diese Datenschutzrichtlinie deckt nicht die Datenschutzrichtlinien und andere Praktiken von Dritten ab, einschlie\u00dflich Dritter, die eine Website oder einen Dienst betreiben, der \u00fcber einen Link im Dienst zug\u00e4nglich ist. Wir empfehlen Ihnen dringend, die Datenschutzrichtlinien jeder Website, die Sie besuchen, zu \u00fcberpr\u00fcfen. Wir haben keine Kontrolle \u00fcber und \u00fcbernehmen keine Verantwortung f\u00fcr den Inhalt, die Datenschutzrichtlinien oder die Praktiken von Websites oder Diensten Dritter.<\/p>\n\n\n\n<p>BESCHWERDE-\/DATENSCHUTZBEAUFTRAGTER:<br>Wenn Sie Fragen oder Bedenken bez\u00fcglich der Handhabung der von uns zur Verf\u00fcgung gestellten Informationen haben, k\u00f6nnen Sie eine E-Mail an unseren Beschwerdemanager bei ZA&amp;BEL S.R.L. PIVA: 02432710123, Via Massari Marzoli, 13\/15, 21052 Busto Arsizio VA, E-Mail: info@zaebel.it. Wir werden Ihr Anliegen in \u00dcbereinstimmung mit dem geltenden Recht behandeln.<\/p>","protected":false},"excerpt":{"rendered":"<p>Zuletzt aktualisiert am 29. November 2025Inkrafttreten am 22. Februar 2024Diese Datenschutzrichtlinie beschreibt die Richtlinien von ZA&amp;BEL S.R.L. PIVA: 02432710123, Via Massari Marzoli, 13\/15, Varese...<\/p>","protected":false},"author":1,"featured_media":0,"parent":0,"menu_order":0,"comment_status":"closed","ping_status":"open","template":"","meta":{"two_page_speed":[],"footnotes":""},"class_list":["post-3","page","type-page","status-publish"],"yoast_head":"<!-- This site is optimized with the Yoast SEO plugin v26.4 - https:\/\/yoast.com\/wordpress\/plugins\/seo\/ -->\n<title>Privacy Policy | ZA&amp;BEL<\/title>\n<meta name=\"robots\" content=\"noindex, follow\" \/>\n<meta property=\"og:locale\" content=\"de_DE\" \/>\n<meta property=\"og:type\" content=\"article\" \/>\n<meta property=\"og:title\" content=\"Privacy Policy | ZA&amp;BEL\" \/>\n<meta property=\"og:description\" content=\"Ultimo aggiornamento il 29 novembre 2025Data di entrata in vigore 22 febbraio 2024 La presente Privacy Policy descrive le politiche di ZA&amp;BEL S.R.L. PIVA: 02432710123, Via Massari Marzoli, 13\/15, Varese...\" \/>\n<meta property=\"og:url\" content=\"https:\/\/zaebel.it\/de\/datenschutzbestimmungen\/\" \/>\n<meta property=\"og:site_name\" content=\"ZA&amp;BEL\" \/>\n<meta property=\"article:publisher\" content=\"https:\/\/www.facebook.com\/TessituraZaebel\" \/>\n<meta property=\"article:modified_time\" content=\"2025-11-29T16:49:21+00:00\" \/>\n<meta property=\"og:image\" content=\"https:\/\/zaebel.it\/wp-content\/uploads\/2025\/11\/zaebel-share.jpg\" \/>\n\t<meta property=\"og:image:width\" content=\"1200\" \/>\n\t<meta property=\"og:image:height\" content=\"630\" \/>\n\t<meta property=\"og:image:type\" content=\"image\/jpeg\" \/>\n<meta name=\"twitter:card\" content=\"summary_large_image\" \/>\n<meta name=\"twitter:label1\" content=\"Gesch\u00e4tzte Lesezeit\" \/>\n\t<meta name=\"twitter:data1\" content=\"5\u00a0Minuten\" \/>\n<script type=\"application\/ld+json\" class=\"yoast-schema-graph\">{\"@context\":\"https:\/\/schema.org\",\"@graph\":[{\"@type\":\"WebPage\",\"@id\":\"https:\/\/zaebel.it\/privacy-policy\/\",\"url\":\"https:\/\/zaebel.it\/privacy-policy\/\",\"name\":\"Privacy Policy | ZA&amp;BEL\",\"isPartOf\":{\"@id\":\"https:\/\/zaebel.it\/#website\"},\"datePublished\":\"2025-11-27T07:09:14+00:00\",\"dateModified\":\"2025-11-29T16:49:21+00:00\",\"breadcrumb\":{\"@id\":\"https:\/\/zaebel.it\/privacy-policy\/#breadcrumb\"},\"inLanguage\":\"de\",\"potentialAction\":[{\"@type\":\"ReadAction\",\"target\":[\"https:\/\/zaebel.it\/privacy-policy\/\"]}]},{\"@type\":\"BreadcrumbList\",\"@id\":\"https:\/\/zaebel.it\/privacy-policy\/#breadcrumb\",\"itemListElement\":[{\"@type\":\"ListItem\",\"position\":1,\"name\":\"Home\",\"item\":\"https:\/\/zaebel.it\/\"},{\"@type\":\"ListItem\",\"position\":2,\"name\":\"Privacy Policy\"}]},{\"@type\":\"WebSite\",\"@id\":\"https:\/\/zaebel.it\/#website\",\"url\":\"https:\/\/zaebel.it\/\",\"name\":\"Tessitura ZA&BEL\",\"description\":\"Forniture Tessili per Hotel, Lavanderie Industriali, SPA\",\"publisher\":{\"@id\":\"https:\/\/zaebel.it\/#organization\"},\"potentialAction\":[{\"@type\":\"SearchAction\",\"target\":{\"@type\":\"EntryPoint\",\"urlTemplate\":\"https:\/\/zaebel.it\/?s={search_term_string}\"},\"query-input\":{\"@type\":\"PropertyValueSpecification\",\"valueRequired\":true,\"valueName\":\"search_term_string\"}}],\"inLanguage\":\"de\"},{\"@type\":\"Organization\",\"@id\":\"https:\/\/zaebel.it\/#organization\",\"name\":\"Tessitura ZA&BEL\",\"url\":\"https:\/\/zaebel.it\/\",\"logo\":{\"@type\":\"ImageObject\",\"inLanguage\":\"de\",\"@id\":\"https:\/\/zaebel.it\/#\/schema\/logo\/image\/\",\"url\":\"\",\"contentUrl\":\"\",\"caption\":\"Tessitura ZA&BEL\"},\"image\":{\"@id\":\"https:\/\/zaebel.it\/#\/schema\/logo\/image\/\"},\"sameAs\":[\"https:\/\/www.facebook.com\/TessituraZaebel\",\"https:\/\/www.linkedin.com\/company\/zaebel\/\",\"https:\/\/www.instagram.com\/zaebel\/\",\"https:\/\/www.youtube.com\/@tessiturazaebel\"]}]}<\/script>\n<!-- \/ Yoast SEO plugin. -->","yoast_head_json":{"title":"Datenschutzpolitik | ZA&amp;BEL","robots":{"index":"noindex","follow":"follow"},"og_locale":"de_DE","og_type":"article","og_title":"Privacy Policy | ZA&amp;BEL","og_description":"Ultimo aggiornamento il 29 novembre 2025Data di entrata in vigore 22 febbraio 2024 La presente Privacy Policy descrive le politiche di ZA&amp;BEL S.R.L. PIVA: 02432710123, Via Massari Marzoli, 13\/15, Varese...","og_url":"https:\/\/zaebel.it\/de\/datenschutzbestimmungen\/","og_site_name":"ZA&amp;BEL","article_publisher":"https:\/\/www.facebook.com\/TessituraZaebel","article_modified_time":"2025-11-29T16:49:21+00:00","og_image":[{"width":1200,"height":630,"url":"https:\/\/zaebel.it\/wp-content\/uploads\/2025\/11\/zaebel-share.jpg","type":"image\/jpeg"}],"twitter_card":"summary_large_image","twitter_misc":{"Gesch\u00e4tzte Lesezeit":"5\u00a0Minuten"},"schema":{"@context":"https:\/\/schema.org","@graph":[{"@type":"WebPage","@id":"https:\/\/zaebel.it\/privacy-policy\/","url":"https:\/\/zaebel.it\/privacy-policy\/","name":"Datenschutzpolitik | ZA&amp;BEL","isPartOf":{"@id":"https:\/\/zaebel.it\/#website"},"datePublished":"2025-11-27T07:09:14+00:00","dateModified":"2025-11-29T16:49:21+00:00","breadcrumb":{"@id":"https:\/\/zaebel.it\/privacy-policy\/#breadcrumb"},"inLanguage":"de","potentialAction":[{"@type":"ReadAction","target":["https:\/\/zaebel.it\/privacy-policy\/"]}]},{"@type":"BreadcrumbList","@id":"https:\/\/zaebel.it\/privacy-policy\/#breadcrumb","itemListElement":[{"@type":"ListItem","position":1,"name":"Home","item":"https:\/\/zaebel.it\/"},{"@type":"ListItem","position":2,"name":"Privacy Policy"}]},{"@type":"WebSite","@id":"https:\/\/zaebel.it\/#website","url":"https:\/\/zaebel.it\/","name":"ZA&amp;BEL Weberei","description":"Textilbedarf f\u00fcr Hotels, industrielle W\u00e4schereien, B\u00e4der","publisher":{"@id":"https:\/\/zaebel.it\/#organization"},"potentialAction":[{"@type":"SearchAction","target":{"@type":"EntryPoint","urlTemplate":"https:\/\/zaebel.it\/?s={search_term_string}"},"query-input":{"@type":"PropertyValueSpecification","valueRequired":true,"valueName":"search_term_string"}}],"inLanguage":"de"},{"@type":"Organization","@id":"https:\/\/zaebel.it\/#organization","name":"ZA&amp;BEL Weberei","url":"https:\/\/zaebel.it\/","logo":{"@type":"ImageObject","inLanguage":"de","@id":"https:\/\/zaebel.it\/#\/schema\/logo\/image\/","url":"","contentUrl":"","caption":"Tessitura ZA&BEL"},"image":{"@id":"https:\/\/zaebel.it\/#\/schema\/logo\/image\/"},"sameAs":["https:\/\/www.facebook.com\/TessituraZaebel","https:\/\/www.linkedin.com\/company\/zaebel\/","https:\/\/www.instagram.com\/zaebel\/","https:\/\/www.youtube.com\/@tessiturazaebel"]}]}},"_links":{"self":[{"href":"https:\/\/zaebel.it\/de\/wp-json\/wp\/v2\/pages\/3","targetHints":{"allow":["GET"]}}],"collection":[{"href":"https:\/\/zaebel.it\/de\/wp-json\/wp\/v2\/pages"}],"about":[{"href":"https:\/\/zaebel.it\/de\/wp-json\/wp\/v2\/types\/page"}],"author":[{"embeddable":true,"href":"https:\/\/zaebel.it\/de\/wp-json\/wp\/v2\/users\/1"}],"replies":[{"embeddable":true,"href":"https:\/\/zaebel.it\/de\/wp-json\/wp\/v2\/comments?post=3"}],"version-history":[{"count":2,"href":"https:\/\/zaebel.it\/de\/wp-json\/wp\/v2\/pages\/3\/revisions"}],"predecessor-version":[{"id":1924,"href":"https:\/\/zaebel.it\/de\/wp-json\/wp\/v2\/pages\/3\/revisions\/1924"}],"wp:attachment":[{"href":"https:\/\/zaebel.it\/de\/wp-json\/wp\/v2\/media?parent=3"}],"curies":[{"name":"wp","href":"https:\/\/api.w.org\/{rel}","templated":true}]}}