{"id":2031,"date":"2025-12-01T11:28:31","date_gmt":"2025-12-01T10:28:31","guid":{"rendered":"https:\/\/zaebel.it\/?page_id=2031"},"modified":"2025-12-01T11:28:32","modified_gmt":"2025-12-01T10:28:32","slug":"legalite-entre-les-hommes-et-les-femmes","status":"publish","type":"page","link":"https:\/\/zaebel.it\/fr\/legalite-entre-les-hommes-et-les-femmes\/","title":{"rendered":"\u00c9galit\u00e9 entre les hommes et les femmes"},"content":{"rendered":"<p>Notre entreprise s'engage activement \u00e0 promouvoir l'\u00e9galit\u00e9 entre les hommes et les femmes sur le lieu de travail, reconnaissant l'importance d'un environnement inclusif et \u00e9quitable. Nous sommes extr\u00eamement fiers d'annoncer que nous avons \u00e9t\u00e9 certifi\u00e9s pour les mesures que nous avons prises afin de promouvoir l'\u00e9galit\u00e9 entre les hommes et les femmes sur le lieu de travail. Cette reconnaissance prestigieuse t\u00e9moigne non seulement de notre d\u00e9vouement, mais repr\u00e9sente \u00e9galement une \u00e9tape importante dans notre cheminement vers un lieu de travail o\u00f9 chaque employ\u00e9, quel que soit son sexe, a acc\u00e8s aux m\u00eames opportunit\u00e9s de croissance, de d\u00e9veloppement et de r\u00e9ussite.<\/p>\n\n\n\n<p>La certification obtenue refl\u00e8te notre engagement continu \u00e0 mettre en \u0153uvre des politiques et des pratiques visant \u00e0 garantir un traitement \u00e9quitable et respectueux de tous les employ\u00e9s.<\/p>\n\n\n\n<p>Nous sommes fermement convaincus qu'un environnement de travail inclusif favorise non seulement le bien-\u00eatre de nos employ\u00e9s, mais contribue \u00e9galement \u00e0 la r\u00e9ussite globale de l'entreprise. C'est pourquoi nous continuerons \u00e0 consacrer des ressources et de l'attention \u00e0 la promotion de l'\u00e9galit\u00e9 entre les hommes et les femmes, en veillant \u00e0 ce qu'elle reste un pilier fondamental de notre culture d'entreprise et un \u00e9l\u00e9ment cl\u00e9 de notre strat\u00e9gie de croissance \u00e0 long terme.<\/p>\n\n\n\n<p>Nous avons le plaisir d'annoncer que nous avons obtenu la certification de nos mesures en mati\u00e8re d'\u00e9galit\u00e9 entre les hommes et les femmes, une reconnaissance qui confirme notre engagement continu dans cette direction.<\/p>\n\n\n\n<p>Le fait d'arborer fi\u00e8rement notre certificat n'est pas seulement un t\u00e9moignage du travail que nous accomplissons, mais aussi un symbole de notre engagement \u00e0 cr\u00e9er un environnement de travail o\u00f9 chaque individu a des chances \u00e9gales de croissance, de d\u00e9veloppement et de r\u00e9ussite.<\/p>\n\n\n\n<p>Ce certificat n'est pas seulement une r\u00e9ussite, mais un point de d\u00e9part pour d'autres am\u00e9liorations. Nous continuerons \u00e0 consacrer des ressources et \u00e0 nous engager pour que l'\u00e9galit\u00e9 entre les hommes et les femmes reste un pilier fondamental de notre culture d'entreprise, contribuant ainsi au bien-\u00eatre de nos employ\u00e9s et au succ\u00e8s durable de l'entreprise.<\/p>\n\n\n\n<p>L'organisme de certification est Quaser.&nbsp; &nbsp; &nbsp; &nbsp;<img loading=\"lazy\" decoding=\"async\" src=\"https:\/\/purple-dugong-655537.hostingersite.com\/wp-content\/uploads\/2024\/05\/Quaser-certificazioni-1.webp\" alt=\"\" width=\"163\" height=\"85\"><\/p>\n\n\n\n<p>Vous pouvez consulter le certificat ci-dessous en cliquant sur <a href=\"http:\/\/zaebel.it\/wp-content\/uploads\/2025\/12\/image.png\" target=\"_blank\" rel=\"noreferrer noopener nofollow\">ici<\/a><\/p>","protected":false},"excerpt":{"rendered":"<p>Notre entreprise s'engage activement \u00e0 promouvoir l'\u00e9galit\u00e9 entre les hommes et les femmes sur le lieu de travail, reconnaissant l'importance d'un environnement inclusif et \u00e9quitable. Nous sommes extr\u00eamement fiers d'annoncer...<\/p>","protected":false},"author":1,"featured_media":0,"parent":0,"menu_order":0,"comment_status":"closed","ping_status":"closed","template":"","meta":{"two_page_speed":[],"footnotes":""},"class_list":["post-2031","page","type-page","status-publish"],"yoast_head":"<!-- This site is optimized with the Yoast SEO plugin v26.4 - https:\/\/yoast.com\/wordpress\/plugins\/seo\/ -->\n<title>Parit\u00e0 di Genere | ZA&amp;BEL<\/title>\n<meta name=\"robots\" content=\"noindex, follow\" \/>\n<meta property=\"og:locale\" content=\"fr_FR\" \/>\n<meta property=\"og:type\" content=\"article\" \/>\n<meta property=\"og:title\" content=\"Parit\u00e0 di Genere | ZA&amp;BEL\" \/>\n<meta property=\"og:description\" content=\"La nostra azienda si impegna attivamente nella promozione della parit\u00e0 di genere sul luogo di lavoro, riconoscendo l\u2019importanza di un ambiente inclusivo ed equo. Siamo estremamente orgogliosi di annunciare di...\" \/>\n<meta property=\"og:url\" content=\"https:\/\/zaebel.it\/fr\/legalite-entre-les-hommes-et-les-femmes\/\" \/>\n<meta property=\"og:site_name\" content=\"ZA&amp;BEL\" \/>\n<meta property=\"article:publisher\" content=\"https:\/\/www.facebook.com\/TessituraZaebel\" \/>\n<meta property=\"article:modified_time\" content=\"2025-12-01T10:28:32+00:00\" \/>\n<meta property=\"og:image\" content=\"https:\/\/purple-dugong-655537.hostingersite.com\/wp-content\/uploads\/2024\/05\/Quaser-certificazioni-1.webp\" \/>\n<meta name=\"twitter:card\" content=\"summary_large_image\" \/>\n<meta name=\"twitter:label1\" content=\"Dur\u00e9e de lecture estim\u00e9e\" \/>\n\t<meta name=\"twitter:data1\" content=\"2 minutes\" \/>\n<script type=\"application\/ld+json\" class=\"yoast-schema-graph\">{\"@context\":\"https:\/\/schema.org\",\"@graph\":[{\"@type\":\"WebPage\",\"@id\":\"https:\/\/zaebel.it\/parita-di-genere\/\",\"url\":\"https:\/\/zaebel.it\/parita-di-genere\/\",\"name\":\"Parit\u00e0 di Genere | ZA&amp;BEL\",\"isPartOf\":{\"@id\":\"https:\/\/zaebel.it\/#website\"},\"primaryImageOfPage\":{\"@id\":\"https:\/\/zaebel.it\/parita-di-genere\/#primaryimage\"},\"image\":{\"@id\":\"https:\/\/zaebel.it\/parita-di-genere\/#primaryimage\"},\"thumbnailUrl\":\"https:\/\/purple-dugong-655537.hostingersite.com\/wp-content\/uploads\/2024\/05\/Quaser-certificazioni-1.webp\",\"datePublished\":\"2025-12-01T10:28:31+00:00\",\"dateModified\":\"2025-12-01T10:28:32+00:00\",\"breadcrumb\":{\"@id\":\"https:\/\/zaebel.it\/parita-di-genere\/#breadcrumb\"},\"inLanguage\":\"fr-FR\",\"potentialAction\":[{\"@type\":\"ReadAction\",\"target\":[\"https:\/\/zaebel.it\/parita-di-genere\/\"]}]},{\"@type\":\"ImageObject\",\"inLanguage\":\"fr-FR\",\"@id\":\"https:\/\/zaebel.it\/parita-di-genere\/#primaryimage\",\"url\":\"https:\/\/purple-dugong-655537.hostingersite.com\/wp-content\/uploads\/2024\/05\/Quaser-certificazioni-1.webp\",\"contentUrl\":\"https:\/\/purple-dugong-655537.hostingersite.com\/wp-content\/uploads\/2024\/05\/Quaser-certificazioni-1.webp\"},{\"@type\":\"BreadcrumbList\",\"@id\":\"https:\/\/zaebel.it\/parita-di-genere\/#breadcrumb\",\"itemListElement\":[{\"@type\":\"ListItem\",\"position\":1,\"name\":\"Home\",\"item\":\"https:\/\/zaebel.it\/\"},{\"@type\":\"ListItem\",\"position\":2,\"name\":\"Parit\u00e0 di Genere\"}]},{\"@type\":\"WebSite\",\"@id\":\"https:\/\/zaebel.it\/#website\",\"url\":\"https:\/\/zaebel.it\/\",\"name\":\"Tessitura ZA&BEL\",\"description\":\"Forniture Tessili per Hotel, Lavanderie Industriali, SPA\",\"publisher\":{\"@id\":\"https:\/\/zaebel.it\/#organization\"},\"potentialAction\":[{\"@type\":\"SearchAction\",\"target\":{\"@type\":\"EntryPoint\",\"urlTemplate\":\"https:\/\/zaebel.it\/?s={search_term_string}\"},\"query-input\":{\"@type\":\"PropertyValueSpecification\",\"valueRequired\":true,\"valueName\":\"search_term_string\"}}],\"inLanguage\":\"fr-FR\"},{\"@type\":\"Organization\",\"@id\":\"https:\/\/zaebel.it\/#organization\",\"name\":\"Tessitura ZA&BEL\",\"url\":\"https:\/\/zaebel.it\/\",\"logo\":{\"@type\":\"ImageObject\",\"inLanguage\":\"fr-FR\",\"@id\":\"https:\/\/zaebel.it\/#\/schema\/logo\/image\/\",\"url\":\"\",\"contentUrl\":\"\",\"caption\":\"Tessitura ZA&BEL\"},\"image\":{\"@id\":\"https:\/\/zaebel.it\/#\/schema\/logo\/image\/\"},\"sameAs\":[\"https:\/\/www.facebook.com\/TessituraZaebel\",\"https:\/\/www.linkedin.com\/company\/zaebel\/\",\"https:\/\/www.instagram.com\/zaebel\/\",\"https:\/\/www.youtube.com\/@tessiturazaebel\"]}]}<\/script>\n<!-- \/ Yoast SEO plugin. -->","yoast_head_json":{"title":"\u00c9galit\u00e9 entre les femmes et les hommes | ZA&amp;BEL","robots":{"index":"noindex","follow":"follow"},"og_locale":"fr_FR","og_type":"article","og_title":"Parit\u00e0 di Genere | ZA&amp;BEL","og_description":"La nostra azienda si impegna attivamente nella promozione della parit\u00e0 di genere sul luogo di lavoro, riconoscendo l\u2019importanza di un ambiente inclusivo ed equo. Siamo estremamente orgogliosi di annunciare di...","og_url":"https:\/\/zaebel.it\/fr\/legalite-entre-les-hommes-et-les-femmes\/","og_site_name":"ZA&amp;BEL","article_publisher":"https:\/\/www.facebook.com\/TessituraZaebel","article_modified_time":"2025-12-01T10:28:32+00:00","og_image":[{"url":"https:\/\/purple-dugong-655537.hostingersite.com\/wp-content\/uploads\/2024\/05\/Quaser-certificazioni-1.webp","type":"","width":"","height":""}],"twitter_card":"summary_large_image","twitter_misc":{"Dur\u00e9e de lecture estim\u00e9e":"2 minutes"},"schema":{"@context":"https:\/\/schema.org","@graph":[{"@type":"WebPage","@id":"https:\/\/zaebel.it\/parita-di-genere\/","url":"https:\/\/zaebel.it\/parita-di-genere\/","name":"\u00c9galit\u00e9 entre les femmes et les hommes | ZA&amp;BEL","isPartOf":{"@id":"https:\/\/zaebel.it\/#website"},"primaryImageOfPage":{"@id":"https:\/\/zaebel.it\/parita-di-genere\/#primaryimage"},"image":{"@id":"https:\/\/zaebel.it\/parita-di-genere\/#primaryimage"},"thumbnailUrl":"https:\/\/purple-dugong-655537.hostingersite.com\/wp-content\/uploads\/2024\/05\/Quaser-certificazioni-1.webp","datePublished":"2025-12-01T10:28:31+00:00","dateModified":"2025-12-01T10:28:32+00:00","breadcrumb":{"@id":"https:\/\/zaebel.it\/parita-di-genere\/#breadcrumb"},"inLanguage":"fr-FR","potentialAction":[{"@type":"ReadAction","target":["https:\/\/zaebel.it\/parita-di-genere\/"]}]},{"@type":"ImageObject","inLanguage":"fr-FR","@id":"https:\/\/zaebel.it\/parita-di-genere\/#primaryimage","url":"https:\/\/purple-dugong-655537.hostingersite.com\/wp-content\/uploads\/2024\/05\/Quaser-certificazioni-1.webp","contentUrl":"https:\/\/purple-dugong-655537.hostingersite.com\/wp-content\/uploads\/2024\/05\/Quaser-certificazioni-1.webp"},{"@type":"BreadcrumbList","@id":"https:\/\/zaebel.it\/parita-di-genere\/#breadcrumb","itemListElement":[{"@type":"ListItem","position":1,"name":"Home","item":"https:\/\/zaebel.it\/"},{"@type":"ListItem","position":2,"name":"Parit\u00e0 di Genere"}]},{"@type":"WebSite","@id":"https:\/\/zaebel.it\/#website","url":"https:\/\/zaebel.it\/","name":"Usine de tissage ZA&amp;BEL","description":"Fournitures textiles pour les h\u00f4tels, les blanchisseries industrielles et les spas","publisher":{"@id":"https:\/\/zaebel.it\/#organization"},"potentialAction":[{"@type":"SearchAction","target":{"@type":"EntryPoint","urlTemplate":"https:\/\/zaebel.it\/?s={search_term_string}"},"query-input":{"@type":"PropertyValueSpecification","valueRequired":true,"valueName":"search_term_string"}}],"inLanguage":"fr-FR"},{"@type":"Organization","@id":"https:\/\/zaebel.it\/#organization","name":"Usine de tissage ZA&amp;BEL","url":"https:\/\/zaebel.it\/","logo":{"@type":"ImageObject","inLanguage":"fr-FR","@id":"https:\/\/zaebel.it\/#\/schema\/logo\/image\/","url":"","contentUrl":"","caption":"Tessitura ZA&BEL"},"image":{"@id":"https:\/\/zaebel.it\/#\/schema\/logo\/image\/"},"sameAs":["https:\/\/www.facebook.com\/TessituraZaebel","https:\/\/www.linkedin.com\/company\/zaebel\/","https:\/\/www.instagram.com\/zaebel\/","https:\/\/www.youtube.com\/@tessiturazaebel"]}]}},"_links":{"self":[{"href":"https:\/\/zaebel.it\/fr\/wp-json\/wp\/v2\/pages\/2031","targetHints":{"allow":["GET"]}}],"collection":[{"href":"https:\/\/zaebel.it\/fr\/wp-json\/wp\/v2\/pages"}],"about":[{"href":"https:\/\/zaebel.it\/fr\/wp-json\/wp\/v2\/types\/page"}],"author":[{"embeddable":true,"href":"https:\/\/zaebel.it\/fr\/wp-json\/wp\/v2\/users\/1"}],"replies":[{"embeddable":true,"href":"https:\/\/zaebel.it\/fr\/wp-json\/wp\/v2\/comments?post=2031"}],"version-history":[{"count":3,"href":"https:\/\/zaebel.it\/fr\/wp-json\/wp\/v2\/pages\/2031\/revisions"}],"predecessor-version":[{"id":2035,"href":"https:\/\/zaebel.it\/fr\/wp-json\/wp\/v2\/pages\/2031\/revisions\/2035"}],"wp:attachment":[{"href":"https:\/\/zaebel.it\/fr\/wp-json\/wp\/v2\/media?parent=2031"}],"curies":[{"name":"wp","href":"https:\/\/api.w.org\/{rel}","templated":true}]}}