{"id":3,"date":"2025-11-27T08:09:14","date_gmt":"2025-11-27T07:09:14","guid":{"rendered":"https:\/\/zaebel.it\/?page_id=3"},"modified":"2025-11-29T17:49:21","modified_gmt":"2025-11-29T16:49:21","slug":"politique-de-confidentialite","status":"publish","type":"page","link":"https:\/\/zaebel.it\/fr\/politique-de-confidentialite\/","title":{"rendered":"Politique de confidentialit\u00e9"},"content":{"rendered":"<p>Derni\u00e8re mise \u00e0 jour le 29 novembre 2025<br>Date d'entr\u00e9e en vigueur 22 f\u00e9vrier 2024<\/p>\n\n\n\n<p><br>Cette politique de confidentialit\u00e9 d\u00e9crit les politiques de ZA&amp;BEL S.R.L. PIVA : 02432710123, Via Massari Marzoli, 13\/15, Varese 21052, Italie, email : info@zaebel.it, t\u00e9l\u00e9phone : 0331 341 480 sur la collecte, l'utilisation et la divulgation de vos informations que nous recueillons lorsque vous utilisez notre site web (info .purple-dugong-655537.hostingersite.com). (le \u201dService\"). En acc\u00e9dant au Service ou en l'utilisant, vous consentez \u00e0 la collecte, \u00e0 l'utilisation et \u00e0 la divulgation de vos informations conform\u00e9ment \u00e0 la pr\u00e9sente politique de confidentialit\u00e9. Si vous n'y consentez pas, veuillez ne pas acc\u00e9der au Service ni l'utiliser.<\/p>\n\n\n\n<p>Nous pouvons modifier la pr\u00e9sente politique de confidentialit\u00e9 \u00e0 tout moment sans pr\u00e9avis et nous publierons la politique de confidentialit\u00e9 r\u00e9vis\u00e9e sur le service. La politique r\u00e9vis\u00e9e entrera en vigueur 180 jours apr\u00e8s sa publication sur le service et la poursuite de l'acc\u00e8s ou de l'utilisation du service apr\u00e8s cette p\u00e9riode vaudra acceptation de la politique r\u00e9vis\u00e9e. Nous vous recommandons donc de consulter r\u00e9guli\u00e8rement cette page.<\/p>\n\n\n\n<p>LES INFORMATIONS QUE NOUS RECUEILLONS :<br>Nous collecterons et traiterons les informations personnelles suivantes vous concernant :<\/p>\n\n\n\n<ul class=\"wp-block-list\">\n<li>Nom et pr\u00e9nom<\/li>\n\n\n\n<li>Courrier \u00e9lectronique<\/li>\n\n\n\n<li>Num\u00e9ro de t\u00e9l\u00e9phone<\/li>\n<\/ul>\n\n\n\n<p><br>COMMENT NOUS UTILISONS VOS INFORMATIONS :<br>Nous utiliserons les informations que nous recueillons \u00e0 votre sujet aux fins suivantes :<\/p>\n\n\n\n<ul class=\"wp-block-list\">\n<li>Marketing\/Promotion<\/li>\n\n\n\n<li>T\u00e9moignages<\/li>\n\n\n\n<li>Recueillir les r\u00e9actions des clients<\/li>\n\n\n\n<li>Soutien<\/li>\n\n\n\n<li>Informations sur l'administration<\/li>\n\n\n\n<li>G\u00e9rer les commandes des clients<\/li>\n<\/ul>\n\n\n\n<p>Si nous souhaitons utiliser vos informations \u00e0 d'autres fins, nous vous demanderons votre consentement et n'utiliserons vos informations qu'apr\u00e8s avoir re\u00e7u votre consentement et uniquement aux fins pour lesquelles nous l'avons accord\u00e9, sauf si la loi nous oblige \u00e0 faire autrement.<\/p>\n\n\n\n<p>COMMENT NOUS PARTAGEONS VOS INFORMATIONS :<br>Nous ne transmettrons pas vos informations personnelles \u00e0 des tiers sans vous demander votre consentement, sauf dans les cas limit\u00e9s d\u00e9crits ci-dessous :<\/p>\n\n\n\n<ul class=\"wp-block-list\">\n<li>Service de publicit\u00e9<\/li>\n\n\n\n<li>Analyse<\/li>\n\n\n\n<li>Collecte et traitement des donn\u00e9es<\/li>\n<\/ul>\n\n\n\n<p>Nous exigeons de ces tiers qu'ils n'utilisent les informations personnelles que nous leur transf\u00e9rons qu'aux fins pour lesquelles elles ont \u00e9t\u00e9 transf\u00e9r\u00e9es et qu'ils ne les conservent pas plus longtemps qu'il n'est n\u00e9cessaire pour atteindre ces fins.<\/p>\n\n\n\n<p>Nous pouvons \u00e9galement divulguer vos informations personnelles dans les cas suivants : (1) se conformer \u00e0 la loi, \u00e0 la r\u00e9glementation, \u00e0 l'ordonnance d'un tribunal ou \u00e0 toute autre proc\u00e9dure judiciaire applicable ; (2) faire respecter les accords que vous avez conclus avec nous, y compris la pr\u00e9sente politique de confidentialit\u00e9 ; ou (3) r\u00e9pondre \u00e0 des plaintes selon lesquelles votre utilisation du service viole les droits d'une tierce partie. Si le service ou notre soci\u00e9t\u00e9 est fusionn\u00e9 ou acquis par une autre soci\u00e9t\u00e9, vos informations feront partie des actifs transf\u00e9r\u00e9s au nouveau propri\u00e9taire.<\/p>\n\n\n\n<p>LE STOCKAGE DE VOS INFORMATIONS :<br>Nous conserverons vos informations personnelles entre 90 jours et 2 ans apr\u00e8s que les utilisateurs ont ferm\u00e9 leur compte ou aussi longtemps que nous en aurons besoin pour atteindre les objectifs pour lesquels elles ont \u00e9t\u00e9 collect\u00e9es, comme indiqu\u00e9 dans la pr\u00e9sente politique de protection de la vie priv\u00e9e. Il se peut que nous devions conserver certaines informations plus longtemps, par exemple pour la tenue de registres\/rapports conform\u00e9ment \u00e0 la l\u00e9gislation applicable ou pour d'autres raisons l\u00e9gitimes telles que l'application de droits l\u00e9gaux, la pr\u00e9vention de la fraude, etc. Les informations anonymes r\u00e9siduelles et les informations agr\u00e9g\u00e9es, dont aucune ne vous identifie (directement ou indirectement), peuvent \u00eatre conserv\u00e9es ind\u00e9finiment.<\/p>\n\n\n\n<p>VOS DROITS :<br>Selon le droit applicable, vous pouvez avoir le droit d'acc\u00e9der, de rectifier ou d'effacer vos donn\u00e9es \u00e0 caract\u00e8re personnel ou d'en recevoir une copie, de limiter le traitement actif de vos donn\u00e9es ou de vous y opposer, de nous demander de partager (apporter) vos donn\u00e9es \u00e0 caract\u00e8re personnel \u00e0 une autre entit\u00e9, de r\u00e9voquer le consentement que vous nous avez donn\u00e9 pour traiter vos donn\u00e9es, le droit de d\u00e9poser une plainte aupr\u00e8s d'une autorit\u00e9 statutaire et d'autres droits qui peuvent \u00eatre pertinents en vertu du droit applicable. Pour exercer ces droits, vous pouvez nous \u00e9crire \u00e0 info@purple-dugong-655537.hostingersite.com. Nous r\u00e9pondrons \u00e0 votre demande conform\u00e9ment au droit applicable.<\/p>\n\n\n\n<p>Vous pouvez refuser les communications de marketing direct ou le profilage que nous effectuons \u00e0 des fins de marketing en \u00e9crivant \u00e0 info@zaebel.it.<\/p>\n\n\n\n<p>Veuillez noter que si vous ne nous autorisez pas \u00e0 collecter ou \u00e0 traiter les informations personnelles demand\u00e9es ou si vous retirez votre consentement \u00e0 leur traitement aux fins demand\u00e9es, il se peut que vous ne puissiez pas acc\u00e9der aux services pour lesquels vos informations ont \u00e9t\u00e9 demand\u00e9es ou que vous ne puissiez pas les utiliser.<\/p>\n\n\n\n<p>COOKIES ETC.<br>Pour en savoir plus sur la mani\u00e8re dont nous utilisons ces technologies et sur les choix qui s'offrent \u00e0 vous en ce qui concerne ces technologies de suivi, veuillez vous reporter \u00e0 notre site web.\u00a0<a href=\"\/fr\/politique-en-matiere-de-cookies\/\">Politique en mati\u00e8re de cookies.<\/a><\/p>\n\n\n\n<p>S\u00c9CURIT\u00c9 :<br>La s\u00e9curit\u00e9 de vos informations est importante pour nous et nous utiliserons des mesures de s\u00e9curit\u00e9 raisonnables pour emp\u00eacher la perte, l'utilisation abusive ou la modification non autoris\u00e9e des informations sous notre contr\u00f4le. Toutefois, compte tenu des risques inh\u00e9rents, nous ne pouvons pas garantir une s\u00e9curit\u00e9 absolue et, par cons\u00e9quent, nous ne pouvons pas assurer ou garantir la s\u00e9curit\u00e9 des informations que vous nous transmettez et vous le faites \u00e0 vos propres risques.<\/p>\n\n\n\n<p>LES LIENS AVEC DES TIERS ET L'UTILISATION DE VOS INFORMATIONS :<br>Notre service peut contenir des liens vers d'autres sites web qui ne sont pas exploit\u00e9s par nous. La pr\u00e9sente politique de confidentialit\u00e9 ne couvre pas les politiques de confidentialit\u00e9 et autres pratiques des tiers, y compris des tiers qui exploitent un site web ou un service accessible par un lien sur le service. Nous vous recommandons vivement de consulter la politique de confidentialit\u00e9 de tout site que vous visitez. Nous n'avons aucun contr\u00f4le sur le contenu, les politiques de confidentialit\u00e9 ou les pratiques des sites ou services tiers et n'assumons aucune responsabilit\u00e9 \u00e0 cet \u00e9gard.<\/p>\n\n\n\n<p>RESPONSABLE DES PLAINTES\/DE LA PROTECTION DES DONN\u00c9ES :<br>Si vous avez des questions ou des pr\u00e9occupations concernant le traitement des informations dont nous disposons, vous pouvez envoyer un courriel \u00e0 notre responsable des plaintes \u00e0 ZA&amp;BEL S.R.L. PIVA : 02432710123, Via Massari Marzoli, 13\/15, 21052 Busto Arsizio VA, courriel : info@zaebel.it. Nous r\u00e9pondrons \u00e0 vos pr\u00e9occupations conform\u00e9ment \u00e0 la l\u00e9gislation applicable.<\/p>","protected":false},"excerpt":{"rendered":"<p>Derni\u00e8re mise \u00e0 jour le 29 novembre 2025Date d'entr\u00e9e en vigueur le 22 f\u00e9vrier 2024Cette politique de confidentialit\u00e9 d\u00e9crit les politiques de ZA&amp;BEL S.R.L. PIVA : 02432710123, Via Massari Marzoli, 13\/15, Varese...<\/p>","protected":false},"author":1,"featured_media":0,"parent":0,"menu_order":0,"comment_status":"closed","ping_status":"open","template":"","meta":{"two_page_speed":[],"footnotes":""},"class_list":["post-3","page","type-page","status-publish"],"yoast_head":"<!-- This site is optimized with the Yoast SEO plugin v26.4 - https:\/\/yoast.com\/wordpress\/plugins\/seo\/ -->\n<title>Privacy Policy | ZA&amp;BEL<\/title>\n<meta name=\"robots\" content=\"noindex, follow\" \/>\n<meta property=\"og:locale\" content=\"fr_FR\" \/>\n<meta property=\"og:type\" content=\"article\" \/>\n<meta property=\"og:title\" content=\"Privacy Policy | ZA&amp;BEL\" \/>\n<meta property=\"og:description\" content=\"Ultimo aggiornamento il 29 novembre 2025Data di entrata in vigore 22 febbraio 2024 La presente Privacy Policy descrive le politiche di ZA&amp;BEL S.R.L. PIVA: 02432710123, Via Massari Marzoli, 13\/15, Varese...\" \/>\n<meta property=\"og:url\" content=\"https:\/\/zaebel.it\/fr\/politique-de-confidentialite\/\" \/>\n<meta property=\"og:site_name\" content=\"ZA&amp;BEL\" \/>\n<meta property=\"article:publisher\" content=\"https:\/\/www.facebook.com\/TessituraZaebel\" \/>\n<meta property=\"article:modified_time\" content=\"2025-11-29T16:49:21+00:00\" \/>\n<meta property=\"og:image\" content=\"https:\/\/zaebel.it\/wp-content\/uploads\/2025\/11\/zaebel-share.jpg\" \/>\n\t<meta property=\"og:image:width\" content=\"1200\" \/>\n\t<meta property=\"og:image:height\" content=\"630\" \/>\n\t<meta property=\"og:image:type\" content=\"image\/jpeg\" \/>\n<meta name=\"twitter:card\" content=\"summary_large_image\" \/>\n<meta name=\"twitter:label1\" content=\"Dur\u00e9e de lecture estim\u00e9e\" \/>\n\t<meta name=\"twitter:data1\" content=\"5 minutes\" \/>\n<script type=\"application\/ld+json\" class=\"yoast-schema-graph\">{\"@context\":\"https:\/\/schema.org\",\"@graph\":[{\"@type\":\"WebPage\",\"@id\":\"https:\/\/zaebel.it\/privacy-policy\/\",\"url\":\"https:\/\/zaebel.it\/privacy-policy\/\",\"name\":\"Privacy Policy | ZA&amp;BEL\",\"isPartOf\":{\"@id\":\"https:\/\/zaebel.it\/#website\"},\"datePublished\":\"2025-11-27T07:09:14+00:00\",\"dateModified\":\"2025-11-29T16:49:21+00:00\",\"breadcrumb\":{\"@id\":\"https:\/\/zaebel.it\/privacy-policy\/#breadcrumb\"},\"inLanguage\":\"fr-FR\",\"potentialAction\":[{\"@type\":\"ReadAction\",\"target\":[\"https:\/\/zaebel.it\/privacy-policy\/\"]}]},{\"@type\":\"BreadcrumbList\",\"@id\":\"https:\/\/zaebel.it\/privacy-policy\/#breadcrumb\",\"itemListElement\":[{\"@type\":\"ListItem\",\"position\":1,\"name\":\"Home\",\"item\":\"https:\/\/zaebel.it\/\"},{\"@type\":\"ListItem\",\"position\":2,\"name\":\"Privacy Policy\"}]},{\"@type\":\"WebSite\",\"@id\":\"https:\/\/zaebel.it\/#website\",\"url\":\"https:\/\/zaebel.it\/\",\"name\":\"Tessitura ZA&BEL\",\"description\":\"Forniture Tessili per Hotel, Lavanderie Industriali, SPA\",\"publisher\":{\"@id\":\"https:\/\/zaebel.it\/#organization\"},\"potentialAction\":[{\"@type\":\"SearchAction\",\"target\":{\"@type\":\"EntryPoint\",\"urlTemplate\":\"https:\/\/zaebel.it\/?s={search_term_string}\"},\"query-input\":{\"@type\":\"PropertyValueSpecification\",\"valueRequired\":true,\"valueName\":\"search_term_string\"}}],\"inLanguage\":\"fr-FR\"},{\"@type\":\"Organization\",\"@id\":\"https:\/\/zaebel.it\/#organization\",\"name\":\"Tessitura ZA&BEL\",\"url\":\"https:\/\/zaebel.it\/\",\"logo\":{\"@type\":\"ImageObject\",\"inLanguage\":\"fr-FR\",\"@id\":\"https:\/\/zaebel.it\/#\/schema\/logo\/image\/\",\"url\":\"\",\"contentUrl\":\"\",\"caption\":\"Tessitura ZA&BEL\"},\"image\":{\"@id\":\"https:\/\/zaebel.it\/#\/schema\/logo\/image\/\"},\"sameAs\":[\"https:\/\/www.facebook.com\/TessituraZaebel\",\"https:\/\/www.linkedin.com\/company\/zaebel\/\",\"https:\/\/www.instagram.com\/zaebel\/\",\"https:\/\/www.youtube.com\/@tessiturazaebel\"]}]}<\/script>\n<!-- \/ Yoast SEO plugin. -->","yoast_head_json":{"title":"Politique de confidentialit\u00e9 | ZA&amp;BEL","robots":{"index":"noindex","follow":"follow"},"og_locale":"fr_FR","og_type":"article","og_title":"Privacy Policy | ZA&amp;BEL","og_description":"Ultimo aggiornamento il 29 novembre 2025Data di entrata in vigore 22 febbraio 2024 La presente Privacy Policy descrive le politiche di ZA&amp;BEL S.R.L. PIVA: 02432710123, Via Massari Marzoli, 13\/15, Varese...","og_url":"https:\/\/zaebel.it\/fr\/politique-de-confidentialite\/","og_site_name":"ZA&amp;BEL","article_publisher":"https:\/\/www.facebook.com\/TessituraZaebel","article_modified_time":"2025-11-29T16:49:21+00:00","og_image":[{"width":1200,"height":630,"url":"https:\/\/zaebel.it\/wp-content\/uploads\/2025\/11\/zaebel-share.jpg","type":"image\/jpeg"}],"twitter_card":"summary_large_image","twitter_misc":{"Dur\u00e9e de lecture estim\u00e9e":"5 minutes"},"schema":{"@context":"https:\/\/schema.org","@graph":[{"@type":"WebPage","@id":"https:\/\/zaebel.it\/privacy-policy\/","url":"https:\/\/zaebel.it\/privacy-policy\/","name":"Politique de confidentialit\u00e9 | ZA&amp;BEL","isPartOf":{"@id":"https:\/\/zaebel.it\/#website"},"datePublished":"2025-11-27T07:09:14+00:00","dateModified":"2025-11-29T16:49:21+00:00","breadcrumb":{"@id":"https:\/\/zaebel.it\/privacy-policy\/#breadcrumb"},"inLanguage":"fr-FR","potentialAction":[{"@type":"ReadAction","target":["https:\/\/zaebel.it\/privacy-policy\/"]}]},{"@type":"BreadcrumbList","@id":"https:\/\/zaebel.it\/privacy-policy\/#breadcrumb","itemListElement":[{"@type":"ListItem","position":1,"name":"Home","item":"https:\/\/zaebel.it\/"},{"@type":"ListItem","position":2,"name":"Privacy Policy"}]},{"@type":"WebSite","@id":"https:\/\/zaebel.it\/#website","url":"https:\/\/zaebel.it\/","name":"Usine de tissage ZA&amp;BEL","description":"Fournitures textiles pour les h\u00f4tels, les blanchisseries industrielles et les spas","publisher":{"@id":"https:\/\/zaebel.it\/#organization"},"potentialAction":[{"@type":"SearchAction","target":{"@type":"EntryPoint","urlTemplate":"https:\/\/zaebel.it\/?s={search_term_string}"},"query-input":{"@type":"PropertyValueSpecification","valueRequired":true,"valueName":"search_term_string"}}],"inLanguage":"fr-FR"},{"@type":"Organization","@id":"https:\/\/zaebel.it\/#organization","name":"Usine de tissage ZA&amp;BEL","url":"https:\/\/zaebel.it\/","logo":{"@type":"ImageObject","inLanguage":"fr-FR","@id":"https:\/\/zaebel.it\/#\/schema\/logo\/image\/","url":"","contentUrl":"","caption":"Tessitura ZA&BEL"},"image":{"@id":"https:\/\/zaebel.it\/#\/schema\/logo\/image\/"},"sameAs":["https:\/\/www.facebook.com\/TessituraZaebel","https:\/\/www.linkedin.com\/company\/zaebel\/","https:\/\/www.instagram.com\/zaebel\/","https:\/\/www.youtube.com\/@tessiturazaebel"]}]}},"_links":{"self":[{"href":"https:\/\/zaebel.it\/fr\/wp-json\/wp\/v2\/pages\/3","targetHints":{"allow":["GET"]}}],"collection":[{"href":"https:\/\/zaebel.it\/fr\/wp-json\/wp\/v2\/pages"}],"about":[{"href":"https:\/\/zaebel.it\/fr\/wp-json\/wp\/v2\/types\/page"}],"author":[{"embeddable":true,"href":"https:\/\/zaebel.it\/fr\/wp-json\/wp\/v2\/users\/1"}],"replies":[{"embeddable":true,"href":"https:\/\/zaebel.it\/fr\/wp-json\/wp\/v2\/comments?post=3"}],"version-history":[{"count":2,"href":"https:\/\/zaebel.it\/fr\/wp-json\/wp\/v2\/pages\/3\/revisions"}],"predecessor-version":[{"id":1924,"href":"https:\/\/zaebel.it\/fr\/wp-json\/wp\/v2\/pages\/3\/revisions\/1924"}],"wp:attachment":[{"href":"https:\/\/zaebel.it\/fr\/wp-json\/wp\/v2\/media?parent=3"}],"curies":[{"name":"wp","href":"https:\/\/api.w.org\/{rel}","templated":true}]}}